{"id":1039,"date":"2021-06-08T11:28:43","date_gmt":"2021-06-08T09:28:43","guid":{"rendered":"https:\/\/www.tbk-goettingen.de\/?page_id=1039"},"modified":"2024-11-14T14:39:56","modified_gmt":"2024-11-14T13:39:56","slug":"briefaktion-2021","status":"publish","type":"page","link":"https:\/\/www.tbk-goettingen.de\/index.php\/briefaktion-2021\/","title":{"rendered":"Briefaktion 2021"},"content":{"rendered":"\t\t<div data-elementor-type=\"wp-page\" data-elementor-id=\"1039\" class=\"elementor elementor-1039\" data-elementor-settings=\"[]\">\n\t\t\t\t\t\t<div class=\"elementor-inner\">\n\t\t\t\t\t\t\t<div class=\"elementor-section-wrap\">\n\t\t\t\t\t\t\t<section class=\"elementor-section elementor-top-section elementor-element elementor-element-495c2172 elementor-section-height-min-height elementor-section-boxed elementor-section-height-default elementor-section-items-middle\" data-id=\"495c2172\" data-element_type=\"section\" data-settings=\"{&quot;background_background&quot;:&quot;classic&quot;}\">\n\t\t\t\t\t\t\t<div class=\"elementor-background-overlay\"><\/div>\n\t\t\t\t\t\t\t<div class=\"elementor-container elementor-column-gap-default\">\n\t\t\t\t\t\t\t<div class=\"elementor-row\">\n\t\t\t\t\t<div class=\"elementor-column elementor-col-100 elementor-top-column elementor-element elementor-element-453a3bd\" data-id=\"453a3bd\" data-element_type=\"column\">\n\t\t\t<div class=\"elementor-column-wrap elementor-element-populated\">\n\t\t\t\t\t\t\t<div class=\"elementor-widget-wrap\">\n\t\t\t\t\t\t<div class=\"elementor-element elementor-element-9dfca6d elementor-widget elementor-widget-spacer\" data-id=\"9dfca6d\" data-element_type=\"widget\" data-widget_type=\"spacer.default\">\n\t\t\t\t<div class=\"elementor-widget-container\">\n\t\t\t\t\t<div class=\"elementor-spacer\">\n\t\t\t<div class=\"elementor-spacer-inner\"><\/div>\n\t\t<\/div>\n\t\t\t\t<\/div>\n\t\t\t\t<\/div>\n\t\t\t\t\t\t<\/div>\n\t\t\t\t\t<\/div>\n\t\t<\/div>\n\t\t\t\t\t\t\t\t<\/div>\n\t\t\t\t\t<\/div>\n\t\t<\/section>\n\t\t\t\t<section class=\"elementor-section elementor-top-section elementor-element elementor-element-2c052a0 elementor-section-boxed elementor-section-height-default elementor-section-height-default\" data-id=\"2c052a0\" data-element_type=\"section\">\n\t\t\t\t\t\t<div class=\"elementor-container elementor-column-gap-default\">\n\t\t\t\t\t\t\t<div class=\"elementor-row\">\n\t\t\t\t\t<div class=\"elementor-column elementor-col-100 elementor-top-column elementor-element elementor-element-e6eb00e\" data-id=\"e6eb00e\" data-element_type=\"column\">\n\t\t\t<div class=\"elementor-column-wrap elementor-element-populated\">\n\t\t\t\t\t\t\t<div class=\"elementor-widget-wrap\">\n\t\t\t\t\t\t<section class=\"elementor-section elementor-inner-section elementor-element elementor-element-b81439e elementor-section-boxed elementor-section-height-default elementor-section-height-default\" data-id=\"b81439e\" data-element_type=\"section\">\n\t\t\t\t\t\t<div class=\"elementor-container elementor-column-gap-default\">\n\t\t\t\t\t\t\t<div class=\"elementor-row\">\n\t\t\t\t\t<div class=\"elementor-column elementor-col-50 elementor-inner-column elementor-element elementor-element-5095b55\" data-id=\"5095b55\" data-element_type=\"column\">\n\t\t\t<div class=\"elementor-column-wrap elementor-element-populated\">\n\t\t\t\t\t\t\t<div class=\"elementor-widget-wrap\">\n\t\t\t\t\t\t<div class=\"elementor-element elementor-element-f27a215 elementor-widget elementor-widget-heading\" data-id=\"f27a215\" data-element_type=\"widget\" data-widget_type=\"heading.default\">\n\t\t\t\t<div class=\"elementor-widget-container\">\n\t\t\t<h2 class=\"elementor-heading-title elementor-size-default\">Briefaktion 2021<\/h2>\t\t<\/div>\n\t\t\t\t<\/div>\n\t\t\t\t<div class=\"elementor-element elementor-element-39a7a9c elementor-widget elementor-widget-image\" data-id=\"39a7a9c\" data-element_type=\"widget\" data-widget_type=\"image.default\">\n\t\t\t\t<div class=\"elementor-widget-container\">\n\t\t\t\t\t\t\t\t<div class=\"elementor-image\">\n\t\t\t\t\t\t\t\t\t\t\t\t<img width=\"768\" height=\"576\" src=\"https:\/\/www.tbk-goettingen.de\/wp-content\/uploads\/2021\/06\/briefe-ohne-ende-2-e1623139482621-768x576.jpeg\" class=\"attachment-medium_large size-medium_large\" alt=\"\" loading=\"lazy\" srcset=\"https:\/\/www.tbk-goettingen.de\/wp-content\/uploads\/2021\/06\/briefe-ohne-ende-2-e1623139482621-768x576.jpeg 768w, https:\/\/www.tbk-goettingen.de\/wp-content\/uploads\/2021\/06\/briefe-ohne-ende-2-e1623139482621-300x225.jpeg 300w, https:\/\/www.tbk-goettingen.de\/wp-content\/uploads\/2021\/06\/briefe-ohne-ende-2-e1623139482621-1024x768.jpeg 1024w, https:\/\/www.tbk-goettingen.de\/wp-content\/uploads\/2021\/06\/briefe-ohne-ende-2-e1623139482621-1536x1152.jpeg 1536w, https:\/\/www.tbk-goettingen.de\/wp-content\/uploads\/2021\/06\/briefe-ohne-ende-2-e1623139482621.jpeg 1600w\" sizes=\"(max-width: 768px) 100vw, 768px\" \/>\t\t\t\t\t\t\t\t\t\t\t\t\t\t<\/div>\n\t\t\t\t\t\t<\/div>\n\t\t\t\t<\/div>\n\t\t\t\t\t\t<\/div>\n\t\t\t\t\t<\/div>\n\t\t<\/div>\n\t\t\t\t<div class=\"elementor-column elementor-col-50 elementor-inner-column elementor-element elementor-element-a04b5b3\" data-id=\"a04b5b3\" data-element_type=\"column\">\n\t\t\t<div class=\"elementor-column-wrap elementor-element-populated\">\n\t\t\t\t\t\t\t<div class=\"elementor-widget-wrap\">\n\t\t\t\t\t\t<div class=\"elementor-element elementor-element-4639f05 elementor-widget elementor-widget-text-editor\" data-id=\"4639f05\" data-element_type=\"widget\" data-widget_type=\"text-editor.default\">\n\t\t\t\t<div class=\"elementor-widget-container\">\n\t\t\t\t\t\t\t\t<div class=\"elementor-text-editor elementor-clearfix\">\n\t\t\t\t<p>Wenn ein Kind bemerkt, dass das eigene Kuscheltier krank ist und sich zum Beispiel eine Grippe eingefangen oder bei einem Unfall den Arm gebrochen hat, dann stehen normalerweise jedes Jahr im Fr\u00fchling alle in den Startl\u00f6chern &#8211; f\u00fcr einen Besuch im Teddyb\u00e4r-Krankenhaus der Universit\u00e4tsmedizin G\u00f6ttingen!<\/p>\n<p>W\u00e4hrend sonst immer die Kuscheltiere von Studierenden und Auszubildenden aus den Pflegeberufen, den sogenannten \u201eTeddy-Docs\u201c, behandelt werden konnten, war in diesem Jahr alles anders: Statt einem direkten Besuch im Teddyb\u00e4r-Krankenhaus, kam die medizinische Hilfe dieses Mal per Post. Kinder und Kindergartengruppen konnten ihr Anliegen per Brief an die \u201eTeddy-Docs\u201c richten.<\/p>\t\t\t\t\t<\/div>\n\t\t\t\t\t\t<\/div>\n\t\t\t\t<\/div>\n\t\t\t\t\t\t<\/div>\n\t\t\t\t\t<\/div>\n\t\t<\/div>\n\t\t\t\t\t\t\t\t<\/div>\n\t\t\t\t\t<\/div>\n\t\t<\/section>\n\t\t\t\t<section class=\"elementor-section elementor-inner-section elementor-element elementor-element-726c9c3 elementor-reverse-mobile elementor-section-boxed elementor-section-height-default elementor-section-height-default\" data-id=\"726c9c3\" data-element_type=\"section\">\n\t\t\t\t\t\t<div class=\"elementor-container elementor-column-gap-default\">\n\t\t\t\t\t\t\t<div class=\"elementor-row\">\n\t\t\t\t\t<div class=\"elementor-column elementor-col-50 elementor-inner-column elementor-element elementor-element-e4b3be1\" data-id=\"e4b3be1\" data-element_type=\"column\">\n\t\t\t<div class=\"elementor-column-wrap elementor-element-populated\">\n\t\t\t\t\t\t\t<div class=\"elementor-widget-wrap\">\n\t\t\t\t\t\t<div class=\"elementor-element elementor-element-9fe68a3 elementor-widget elementor-widget-text-editor\" data-id=\"9fe68a3\" data-element_type=\"widget\" data-widget_type=\"text-editor.default\">\n\t\t\t\t<div class=\"elementor-widget-container\">\n\t\t\t\t\t\t\t\t<div class=\"elementor-text-editor elementor-clearfix\">\n\t\t\t\t<p>Die Aktion sollte den Kontakt zu den Kindern aufrechterhalten und ihnen die M\u00f6glichkeit geben, all ihre Fragen bez\u00fcglich ihres kranken Kuscheltieres, aber auch zeitgem\u00e4\u00df zu Corona und weiteren Themen zu stellen. Die \u201eTeddy-Docs\u201c schrieben dann einen Brief zur Antwort \u2013 und mit Tipps und Tricks und einem kleinen\u00a0 \u00dcberraschungspaket mit Pflastern und Verb\u00e4nden war es den Kindern dann m\u00f6glich, ihre Kuscheltiere selbst<br \/>zu behandeln. Es war eine kleine Ablenkung in diesen Zeiten, aber nat\u00fcrlich besonders ein kleiner lehrreicher Blick \u00fcber den Tellerrand hinaus.<\/p><p>\u00a0<\/p>\t\t\t\t\t<\/div>\n\t\t\t\t\t\t<\/div>\n\t\t\t\t<\/div>\n\t\t\t\t\t\t<\/div>\n\t\t\t\t\t<\/div>\n\t\t<\/div>\n\t\t\t\t<div class=\"elementor-column elementor-col-50 elementor-inner-column elementor-element elementor-element-5156cf5\" data-id=\"5156cf5\" data-element_type=\"column\">\n\t\t\t<div class=\"elementor-column-wrap elementor-element-populated\">\n\t\t\t\t\t\t\t<div class=\"elementor-widget-wrap\">\n\t\t\t\t\t\t<div class=\"elementor-element elementor-element-07ba6e3 elementor-widget elementor-widget-image\" data-id=\"07ba6e3\" data-element_type=\"widget\" data-widget_type=\"image.default\">\n\t\t\t\t<div class=\"elementor-widget-container\">\n\t\t\t\t\t\t\t\t<div class=\"elementor-image\">\n\t\t\t\t\t\t\t\t\t\t\t\t<img width=\"768\" height=\"512\" src=\"https:\/\/www.tbk-goettingen.de\/wp-content\/uploads\/2021\/02\/180502SPF13193-768x512.jpeg\" class=\"attachment-medium_large size-medium_large\" alt=\"\" loading=\"lazy\" srcset=\"https:\/\/www.tbk-goettingen.de\/wp-content\/uploads\/2021\/02\/180502SPF13193-768x512.jpeg 768w, https:\/\/www.tbk-goettingen.de\/wp-content\/uploads\/2021\/02\/180502SPF13193-300x200.jpeg 300w, https:\/\/www.tbk-goettingen.de\/wp-content\/uploads\/2021\/02\/180502SPF13193-1024x683.jpeg 1024w, https:\/\/www.tbk-goettingen.de\/wp-content\/uploads\/2021\/02\/180502SPF13193-1536x1024.jpeg 1536w, https:\/\/www.tbk-goettingen.de\/wp-content\/uploads\/2021\/02\/180502SPF13193-2048x1365.jpeg 2048w\" sizes=\"(max-width: 768px) 100vw, 768px\" \/>\t\t\t\t\t\t\t\t\t\t\t\t\t\t<\/div>\n\t\t\t\t\t\t<\/div>\n\t\t\t\t<\/div>\n\t\t\t\t\t\t<\/div>\n\t\t\t\t\t<\/div>\n\t\t<\/div>\n\t\t\t\t\t\t\t\t<\/div>\n\t\t\t\t\t<\/div>\n\t\t<\/section>\n\t\t\t\t<section class=\"elementor-section elementor-inner-section elementor-element elementor-element-26486a7 elementor-section-boxed elementor-section-height-default elementor-section-height-default\" data-id=\"26486a7\" data-element_type=\"section\">\n\t\t\t\t\t\t<div class=\"elementor-container elementor-column-gap-default\">\n\t\t\t\t\t\t\t<div class=\"elementor-row\">\n\t\t\t\t\t<div class=\"elementor-column elementor-col-50 elementor-inner-column elementor-element elementor-element-d49688f\" data-id=\"d49688f\" data-element_type=\"column\">\n\t\t\t<div class=\"elementor-column-wrap elementor-element-populated\">\n\t\t\t\t\t\t\t<div class=\"elementor-widget-wrap\">\n\t\t\t\t\t\t<div class=\"elementor-element elementor-element-f9b1644 elementor-widget elementor-widget-image\" data-id=\"f9b1644\" data-element_type=\"widget\" data-widget_type=\"image.default\">\n\t\t\t\t<div class=\"elementor-widget-container\">\n\t\t\t\t\t\t\t\t<div class=\"elementor-image\">\n\t\t\t\t\t\t\t\t\t\t\t\t<img width=\"768\" height=\"576\" src=\"https:\/\/www.tbk-goettingen.de\/wp-content\/uploads\/2021\/06\/brief-mit-stuff-768x576.jpeg\" class=\"attachment-medium_large size-medium_large\" alt=\"\" loading=\"lazy\" srcset=\"https:\/\/www.tbk-goettingen.de\/wp-content\/uploads\/2021\/06\/brief-mit-stuff-768x576.jpeg 768w, https:\/\/www.tbk-goettingen.de\/wp-content\/uploads\/2021\/06\/brief-mit-stuff-300x225.jpeg 300w, https:\/\/www.tbk-goettingen.de\/wp-content\/uploads\/2021\/06\/brief-mit-stuff-1024x768.jpeg 1024w, https:\/\/www.tbk-goettingen.de\/wp-content\/uploads\/2021\/06\/brief-mit-stuff-1536x1152.jpeg 1536w, https:\/\/www.tbk-goettingen.de\/wp-content\/uploads\/2021\/06\/brief-mit-stuff.jpeg 1600w\" sizes=\"(max-width: 768px) 100vw, 768px\" \/>\t\t\t\t\t\t\t\t\t\t\t\t\t\t<\/div>\n\t\t\t\t\t\t<\/div>\n\t\t\t\t<\/div>\n\t\t\t\t\t\t<\/div>\n\t\t\t\t\t<\/div>\n\t\t<\/div>\n\t\t\t\t<div class=\"elementor-column elementor-col-50 elementor-inner-column elementor-element elementor-element-d678b0a\" data-id=\"d678b0a\" data-element_type=\"column\">\n\t\t\t<div class=\"elementor-column-wrap elementor-element-populated\">\n\t\t\t\t\t\t\t<div class=\"elementor-widget-wrap\">\n\t\t\t\t\t\t<div class=\"elementor-element elementor-element-5932c5d elementor-widget elementor-widget-text-editor\" data-id=\"5932c5d\" data-element_type=\"widget\" data-widget_type=\"text-editor.default\">\n\t\t\t\t<div class=\"elementor-widget-container\">\n\t\t\t\t\t\t\t\t<div class=\"elementor-text-editor elementor-clearfix\">\n\t\t\t\t<p>\u00dcber 20 freiwillige Teddydocs haben Briefe aus ganz G\u00f6ttingen und der Umgebung beantwortet. Kinder im Alter von zwei bis zehn Jahren haben uns Briefe geschickt, in denen sie von der Erk\u00e4ltung ihrer Puppe schrieben, uns fragten was ein Virus ist, ob denn der Teddy mit einem gebrochenen Arm drau\u00dfen spielen darf oder wie viel S\u00fc\u00dfigkeiten ein Teddy essen darf. Unseren Antworten legten wir nat\u00fcrlich Rezepte bei, zum Beispiel Hustenbonbons oder einem Schal, aber auch Pflaster und Luftballons.<\/p>\t\t\t\t\t<\/div>\n\t\t\t\t\t\t<\/div>\n\t\t\t\t<\/div>\n\t\t\t\t\t\t<\/div>\n\t\t\t\t\t<\/div>\n\t\t<\/div>\n\t\t\t\t\t\t\t\t<\/div>\n\t\t\t\t\t<\/div>\n\t\t<\/section>\n\t\t\t\t<section class=\"elementor-section elementor-inner-section elementor-element elementor-element-4f12b5d elementor-section-boxed elementor-section-height-default elementor-section-height-default\" data-id=\"4f12b5d\" data-element_type=\"section\">\n\t\t\t\t\t\t<div class=\"elementor-container elementor-column-gap-default\">\n\t\t\t\t\t\t\t<div class=\"elementor-row\">\n\t\t\t\t\t<div class=\"elementor-column elementor-col-100 elementor-inner-column elementor-element elementor-element-664f424\" data-id=\"664f424\" data-element_type=\"column\">\n\t\t\t<div class=\"elementor-column-wrap elementor-element-populated\">\n\t\t\t\t\t\t\t<div class=\"elementor-widget-wrap\">\n\t\t\t\t\t\t<div class=\"elementor-element elementor-element-d63c2d5 elementor-widget elementor-widget-text-editor\" data-id=\"d63c2d5\" data-element_type=\"widget\" data-widget_type=\"text-editor.default\">\n\t\t\t\t<div class=\"elementor-widget-container\">\n\t\t\t\t\t\t\t\t<div class=\"elementor-text-editor elementor-clearfix\">\n\t\t\t\t<p>Unsere Teddydocs haben jedoch nicht nur Rezepte ausgestellt, sondern waren auch chirurgisch aktiv: wie zum Beispiel in diesem Fall! Diese Maus wurde operiert, mit einem Gips ausgestattet und an ihr Kind mit Schal wieder zur\u00fcck geschickt.<\/p>\t\t\t\t\t<\/div>\n\t\t\t\t\t\t<\/div>\n\t\t\t\t<\/div>\n\t\t\t\t\t\t<\/div>\n\t\t\t\t\t<\/div>\n\t\t<\/div>\n\t\t\t\t\t\t\t\t<\/div>\n\t\t\t\t\t<\/div>\n\t\t<\/section>\n\t\t\t\t\t\t<\/div>\n\t\t\t\t\t<\/div>\n\t\t<\/div>\n\t\t\t\t\t\t\t\t<\/div>\n\t\t\t\t\t<\/div>\n\t\t<\/section>\n\t\t\t\t<section class=\"elementor-section elementor-top-section elementor-element elementor-element-34224ab elementor-section-boxed elementor-section-height-default elementor-section-height-default\" data-id=\"34224ab\" data-element_type=\"section\">\n\t\t\t\t\t\t<div class=\"elementor-container elementor-column-gap-default\">\n\t\t\t\t\t\t\t<div class=\"elementor-row\">\n\t\t\t\t\t<div class=\"elementor-column elementor-col-33 elementor-top-column elementor-element elementor-element-80aaaec\" data-id=\"80aaaec\" data-element_type=\"column\">\n\t\t\t<div class=\"elementor-column-wrap elementor-element-populated\">\n\t\t\t\t\t\t\t<div class=\"elementor-widget-wrap\">\n\t\t\t\t\t\t<div class=\"elementor-element elementor-element-3423160 elementor-widget elementor-widget-image\" data-id=\"3423160\" data-element_type=\"widget\" data-widget_type=\"image.default\">\n\t\t\t\t<div class=\"elementor-widget-container\">\n\t\t\t\t\t\t\t\t<div class=\"elementor-image\">\n\t\t\t\t\t\t\t\t\t\t\t\t<img width=\"768\" height=\"1024\" src=\"https:\/\/www.tbk-goettingen.de\/wp-content\/uploads\/2021\/06\/brief-sueS-768x1024.jpeg\" class=\"attachment-medium_large size-medium_large\" alt=\"\" loading=\"lazy\" srcset=\"https:\/\/www.tbk-goettingen.de\/wp-content\/uploads\/2021\/06\/brief-sueS-768x1024.jpeg 768w, https:\/\/www.tbk-goettingen.de\/wp-content\/uploads\/2021\/06\/brief-sueS-225x300.jpeg 225w, https:\/\/www.tbk-goettingen.de\/wp-content\/uploads\/2021\/06\/brief-sueS-1152x1536.jpeg 1152w, https:\/\/www.tbk-goettingen.de\/wp-content\/uploads\/2021\/06\/brief-sueS.jpeg 1200w\" sizes=\"(max-width: 768px) 100vw, 768px\" \/>\t\t\t\t\t\t\t\t\t\t\t\t\t\t<\/div>\n\t\t\t\t\t\t<\/div>\n\t\t\t\t<\/div>\n\t\t\t\t\t\t<\/div>\n\t\t\t\t\t<\/div>\n\t\t<\/div>\n\t\t\t\t<div class=\"elementor-column elementor-col-33 elementor-top-column elementor-element elementor-element-f34c9b0\" data-id=\"f34c9b0\" data-element_type=\"column\">\n\t\t\t<div class=\"elementor-column-wrap elementor-element-populated\">\n\t\t\t\t\t\t\t<div class=\"elementor-widget-wrap\">\n\t\t\t\t\t\t<div class=\"elementor-element elementor-element-2030daf elementor-widget elementor-widget-image\" data-id=\"2030daf\" data-element_type=\"widget\" data-widget_type=\"image.default\">\n\t\t\t\t<div class=\"elementor-widget-container\">\n\t\t\t\t\t\t\t\t<div class=\"elementor-image\">\n\t\t\t\t\t\t\t\t\t\t\t\t<img width=\"768\" height=\"1024\" src=\"https:\/\/www.tbk-goettingen.de\/wp-content\/uploads\/2021\/06\/foto-maus-768x1024.jpeg\" class=\"attachment-medium_large size-medium_large\" alt=\"\" loading=\"lazy\" srcset=\"https:\/\/www.tbk-goettingen.de\/wp-content\/uploads\/2021\/06\/foto-maus-768x1024.jpeg 768w, https:\/\/www.tbk-goettingen.de\/wp-content\/uploads\/2021\/06\/foto-maus-225x300.jpeg 225w, https:\/\/www.tbk-goettingen.de\/wp-content\/uploads\/2021\/06\/foto-maus-1152x1536.jpeg 1152w, https:\/\/www.tbk-goettingen.de\/wp-content\/uploads\/2021\/06\/foto-maus.jpeg 1200w\" sizes=\"(max-width: 768px) 100vw, 768px\" \/>\t\t\t\t\t\t\t\t\t\t\t\t\t\t<\/div>\n\t\t\t\t\t\t<\/div>\n\t\t\t\t<\/div>\n\t\t\t\t\t\t<\/div>\n\t\t\t\t\t<\/div>\n\t\t<\/div>\n\t\t\t\t<div class=\"elementor-column elementor-col-33 elementor-top-column elementor-element elementor-element-eef7033\" data-id=\"eef7033\" data-element_type=\"column\">\n\t\t\t<div class=\"elementor-column-wrap elementor-element-populated\">\n\t\t\t\t\t\t\t<div class=\"elementor-widget-wrap\">\n\t\t\t\t\t\t<div class=\"elementor-element elementor-element-ed5305a elementor-widget elementor-widget-image\" data-id=\"ed5305a\" data-element_type=\"widget\" data-widget_type=\"image.default\">\n\t\t\t\t<div class=\"elementor-widget-container\">\n\t\t\t\t\t\t\t\t<div class=\"elementor-image\">\n\t\t\t\t\t\t\t\t\t\t\t\t<img width=\"768\" height=\"1024\" src=\"https:\/\/www.tbk-goettingen.de\/wp-content\/uploads\/2021\/06\/geheilte-maus-768x1024.jpeg\" class=\"attachment-medium_large size-medium_large\" alt=\"\" loading=\"lazy\" srcset=\"https:\/\/www.tbk-goettingen.de\/wp-content\/uploads\/2021\/06\/geheilte-maus-768x1024.jpeg 768w, https:\/\/www.tbk-goettingen.de\/wp-content\/uploads\/2021\/06\/geheilte-maus-225x300.jpeg 225w, https:\/\/www.tbk-goettingen.de\/wp-content\/uploads\/2021\/06\/geheilte-maus-1152x1536.jpeg 1152w, https:\/\/www.tbk-goettingen.de\/wp-content\/uploads\/2021\/06\/geheilte-maus.jpeg 1200w\" sizes=\"(max-width: 768px) 100vw, 768px\" \/>\t\t\t\t\t\t\t\t\t\t\t\t\t\t<\/div>\n\t\t\t\t\t\t<\/div>\n\t\t\t\t<\/div>\n\t\t\t\t\t\t<\/div>\n\t\t\t\t\t<\/div>\n\t\t<\/div>\n\t\t\t\t\t\t\t\t<\/div>\n\t\t\t\t\t<\/div>\n\t\t<\/section>\n\t\t\t\t<section class=\"elementor-section elementor-top-section elementor-element elementor-element-d21ba33 elementor-section-boxed elementor-section-height-default elementor-section-height-default\" data-id=\"d21ba33\" data-element_type=\"section\">\n\t\t\t\t\t\t<div class=\"elementor-container elementor-column-gap-extended\">\n\t\t\t\t\t\t\t<div class=\"elementor-row\">\n\t\t\t\t\t<div class=\"elementor-column elementor-col-100 elementor-top-column elementor-element elementor-element-a441e15\" data-id=\"a441e15\" data-element_type=\"column\">\n\t\t\t<div class=\"elementor-column-wrap elementor-element-populated\">\n\t\t\t\t\t\t\t<div class=\"elementor-widget-wrap\">\n\t\t\t\t\t\t<div class=\"elementor-element elementor-element-afebe58 elementor-widget elementor-widget-heading\" data-id=\"afebe58\" data-element_type=\"widget\" data-widget_type=\"heading.default\">\n\t\t\t\t<div class=\"elementor-widget-container\">\n\t\t\t<h2 class=\"elementor-heading-title elementor-size-default\">Falls Ihr Diese Aktion verpasst habt, seid nicht traurig, wir planen bereits weitere Aktionen, bleibt gespannt und vor allem gesund!<\/h2>\t\t<\/div>\n\t\t\t\t<\/div>\n\t\t\t\t\t\t<\/div>\n\t\t\t\t\t<\/div>\n\t\t<\/div>\n\t\t\t\t\t\t\t\t<\/div>\n\t\t\t\t\t<\/div>\n\t\t<\/section>\n\t\t\t\t<section class=\"elementor-section elementor-top-section elementor-element elementor-element-30b9a479 elementor-section-boxed elementor-section-height-default elementor-section-height-default\" data-id=\"30b9a479\" data-element_type=\"section\" data-settings=\"{&quot;background_background&quot;:&quot;classic&quot;}\">\n\t\t\t\t\t\t<div class=\"elementor-container elementor-column-gap-extended\">\n\t\t\t\t\t\t\t<div class=\"elementor-row\">\n\t\t\t\t\t<div class=\"elementor-column elementor-col-50 elementor-top-column elementor-element elementor-element-695ce6f1\" data-id=\"695ce6f1\" data-element_type=\"column\">\n\t\t\t<div class=\"elementor-column-wrap elementor-element-populated\">\n\t\t\t\t\t\t\t<div class=\"elementor-widget-wrap\">\n\t\t\t\t\t\t<div class=\"elementor-element elementor-element-62587944 elementor-align-left elementor-icon-list--layout-traditional elementor-list-item-link-full_width elementor-widget elementor-widget-icon-list\" data-id=\"62587944\" data-element_type=\"widget\" data-widget_type=\"icon-list.default\">\n\t\t\t\t<div class=\"elementor-widget-container\">\n\t\t\t\t\t<ul class=\"elementor-icon-list-items\">\n\t\t\t\t\t\t\t<li class=\"elementor-icon-list-item\">\n\t\t\t\t\t\t\t\t\t\t\t<a href=\"mailto:info@tbk-goettingen.de\">\n\n\t\t\t\t\t\t\t\t\t\t\t\t<span class=\"elementor-icon-list-icon\">\n\t\t\t\t\t\t\t<i aria-hidden=\"true\" class=\"far fa-envelope\"><\/i>\t\t\t\t\t\t<\/span>\n\t\t\t\t\t\t\t\t\t\t<span class=\"elementor-icon-list-text\">info@tbk-goettingen.de<\/span>\n\t\t\t\t\t\t\t\t\t\t\t<\/a>\n\t\t\t\t\t\t\t\t\t<\/li>\n\t\t\t\t\t\t\t\t<li class=\"elementor-icon-list-item\">\n\t\t\t\t\t\t\t\t\t\t\t<a href=\"https:\/\/instagram.com\/tbk_goettingen\" target=\"_blank\">\n\n\t\t\t\t\t\t\t\t\t\t\t\t<span class=\"elementor-icon-list-icon\">\n\t\t\t\t\t\t\t<i aria-hidden=\"true\" class=\"fab fa-instagram\"><\/i>\t\t\t\t\t\t<\/span>\n\t\t\t\t\t\t\t\t\t\t<span class=\"elementor-icon-list-text\">tbk_goettingen<\/span>\n\t\t\t\t\t\t\t\t\t\t\t<\/a>\n\t\t\t\t\t\t\t\t\t<\/li>\n\t\t\t\t\t\t\t\t<li class=\"elementor-icon-list-item\">\n\t\t\t\t\t\t\t\t\t\t\t<a href=\"https:\/\/www.facebook.com\/teddybaerkrankenhausgoettingen\/#\" target=\"_blank\">\n\n\t\t\t\t\t\t\t\t\t\t\t\t<span class=\"elementor-icon-list-icon\">\n\t\t\t\t\t\t\t<i aria-hidden=\"true\" class=\"fab fa-facebook-square\"><\/i>\t\t\t\t\t\t<\/span>\n\t\t\t\t\t\t\t\t\t\t<span class=\"elementor-icon-list-text\">teddybaerkrankenhausgoettingen<\/span>\n\t\t\t\t\t\t\t\t\t\t\t<\/a>\n\t\t\t\t\t\t\t\t\t<\/li>\n\t\t\t\t\t\t<\/ul>\n\t\t\t\t<\/div>\n\t\t\t\t<\/div>\n\t\t\t\t\t\t<\/div>\n\t\t\t\t\t<\/div>\n\t\t<\/div>\n\t\t\t\t<div class=\"elementor-column elementor-col-50 elementor-top-column elementor-element elementor-element-a42e89f\" data-id=\"a42e89f\" data-element_type=\"column\">\n\t\t\t<div class=\"elementor-column-wrap elementor-element-populated\">\n\t\t\t\t\t\t\t<div class=\"elementor-widget-wrap\">\n\t\t\t\t\t\t<div class=\"elementor-element elementor-element-456bf904 elementor-widget elementor-widget-text-editor\" data-id=\"456bf904\" data-element_type=\"widget\" data-widget_type=\"text-editor.default\">\n\t\t\t\t<div class=\"elementor-widget-container\">\n\t\t\t\t\t\t\t\t<div class=\"elementor-text-editor elementor-clearfix\">\n\t\t\t\t<p>Fachschaft Medizin<br \/>Projekt Teddyb\u00e4rkrankenhaus\u00a0<br \/>Go\u00dflerstra\u00dfe 16a\u00a0<br \/>37073 G\u00f6ttingen<\/p>\t\t\t\t\t<\/div>\n\t\t\t\t\t\t<\/div>\n\t\t\t\t<\/div>\n\t\t\t\t\t\t<\/div>\n\t\t\t\t\t<\/div>\n\t\t<\/div>\n\t\t\t\t\t\t\t\t<\/div>\n\t\t\t\t\t<\/div>\n\t\t<\/section>\n\t\t\t\t\t\t<\/div>\n\t\t\t\t\t\t<\/div>\n\t\t\t\t\t<\/div>\n\t\t","protected":false},"excerpt":{"rendered":"<p>Briefaktion 2021 Wenn ein Kind bemerkt, dass das eigene Kuscheltier krank ist und sich zum Beispiel eine Grippe eingefangen oder bei einem Unfall den Arm gebrochen hat, dann stehen normalerweise jedes Jahr im Fr\u00fchling alle in den Startl\u00f6chern &#8211; f\u00fcr einen Besuch im Teddyb\u00e4r-Krankenhaus der Universit\u00e4tsmedizin G\u00f6ttingen! W\u00e4hrend sonst immer die Kuscheltiere von Studierenden und [&hellip;]<\/p>\n","protected":false},"author":1,"featured_media":0,"parent":0,"menu_order":0,"comment_status":"closed","ping_status":"closed","template":"","meta":[],"_links":{"self":[{"href":"https:\/\/www.tbk-goettingen.de\/index.php\/wp-json\/wp\/v2\/pages\/1039"}],"collection":[{"href":"https:\/\/www.tbk-goettingen.de\/index.php\/wp-json\/wp\/v2\/pages"}],"about":[{"href":"https:\/\/www.tbk-goettingen.de\/index.php\/wp-json\/wp\/v2\/types\/page"}],"author":[{"embeddable":true,"href":"https:\/\/www.tbk-goettingen.de\/index.php\/wp-json\/wp\/v2\/users\/1"}],"replies":[{"embeddable":true,"href":"https:\/\/www.tbk-goettingen.de\/index.php\/wp-json\/wp\/v2\/comments?post=1039"}],"version-history":[{"count":47,"href":"https:\/\/www.tbk-goettingen.de\/index.php\/wp-json\/wp\/v2\/pages\/1039\/revisions"}],"predecessor-version":[{"id":2703,"href":"https:\/\/www.tbk-goettingen.de\/index.php\/wp-json\/wp\/v2\/pages\/1039\/revisions\/2703"}],"wp:attachment":[{"href":"https:\/\/www.tbk-goettingen.de\/index.php\/wp-json\/wp\/v2\/media?parent=1039"}],"curies":[{"name":"wp","href":"https:\/\/api.w.org\/{rel}","templated":true}]}}