{"id":1180,"date":"2021-11-13T13:33:05","date_gmt":"2021-11-13T12:33:05","guid":{"rendered":"https:\/\/www.tbk-goettingen.de\/?page_id=1180"},"modified":"2024-11-20T15:52:38","modified_gmt":"2024-11-20T14:52:38","slug":"kongress","status":"publish","type":"page","link":"https:\/\/www.tbk-goettingen.de\/index.php\/kongress\/","title":{"rendered":"TBK Kongress 2022"},"content":{"rendered":"\t\t<div data-elementor-type=\"wp-page\" data-elementor-id=\"1180\" class=\"elementor elementor-1180\" data-elementor-settings=\"[]\">\n\t\t\t\t\t\t<div class=\"elementor-inner\">\n\t\t\t\t\t\t\t<div class=\"elementor-section-wrap\">\n\t\t\t\t\t\t\t<section class=\"elementor-section elementor-top-section elementor-element elementor-element-38a47840 elementor-section-boxed elementor-section-height-default elementor-section-height-default\" data-id=\"38a47840\" data-element_type=\"section\" data-settings=\"{&quot;background_background&quot;:&quot;classic&quot;}\">\n\t\t\t\t\t\t\t<div class=\"elementor-background-overlay\"><\/div>\n\t\t\t\t\t\t\t<div class=\"elementor-container elementor-column-gap-default\">\n\t\t\t\t\t\t\t<div class=\"elementor-row\">\n\t\t\t\t\t<div class=\"elementor-column elementor-col-100 elementor-top-column elementor-element elementor-element-4199dc68\" data-id=\"4199dc68\" data-element_type=\"column\">\n\t\t\t<div class=\"elementor-column-wrap elementor-element-populated\">\n\t\t\t\t\t\t\t<div class=\"elementor-widget-wrap\">\n\t\t\t\t\t\t<div class=\"elementor-element elementor-element-2ebf3c1 elementor-widget__width-initial elementor-invisible elementor-widget elementor-widget-spacer\" data-id=\"2ebf3c1\" data-element_type=\"widget\" data-settings=\"{&quot;_animation&quot;:&quot;fadeInUp&quot;}\" data-widget_type=\"spacer.default\">\n\t\t\t\t<div class=\"elementor-widget-container\">\n\t\t\t\t\t<div class=\"elementor-spacer\">\n\t\t\t<div class=\"elementor-spacer-inner\"><\/div>\n\t\t<\/div>\n\t\t\t\t<\/div>\n\t\t\t\t<\/div>\n\t\t\t\t\t\t<\/div>\n\t\t\t\t\t<\/div>\n\t\t<\/div>\n\t\t\t\t\t\t\t\t<\/div>\n\t\t\t\t\t<\/div>\n\t\t<\/section>\n\t\t\t\t<section class=\"elementor-section elementor-top-section elementor-element elementor-element-57736a9 elementor-section-boxed elementor-section-height-default elementor-section-height-default\" data-id=\"57736a9\" data-element_type=\"section\">\n\t\t\t\t\t\t<div class=\"elementor-container elementor-column-gap-default\">\n\t\t\t\t\t\t\t<div class=\"elementor-row\">\n\t\t\t\t\t<div class=\"elementor-column elementor-col-100 elementor-top-column elementor-element elementor-element-b72c4e7\" data-id=\"b72c4e7\" data-element_type=\"column\">\n\t\t\t<div class=\"elementor-column-wrap elementor-element-populated\">\n\t\t\t\t\t\t\t<div class=\"elementor-widget-wrap\">\n\t\t\t\t\t\t<div class=\"elementor-element elementor-element-2425550 elementor-widget elementor-widget-heading\" data-id=\"2425550\" data-element_type=\"widget\" data-widget_type=\"heading.default\">\n\t\t\t\t<div class=\"elementor-widget-container\">\n\t\t\t<h2 class=\"elementor-heading-title elementor-size-default\">TBK Kongress 2022<\/h2>\t\t<\/div>\n\t\t\t\t<\/div>\n\t\t\t\t<section class=\"elementor-section elementor-inner-section elementor-element elementor-element-f694e86 elementor-section-boxed elementor-section-height-default elementor-section-height-default\" data-id=\"f694e86\" data-element_type=\"section\">\n\t\t\t\t\t\t<div class=\"elementor-container elementor-column-gap-default\">\n\t\t\t\t\t\t\t<div class=\"elementor-row\">\n\t\t\t\t\t<div class=\"elementor-column elementor-col-50 elementor-inner-column elementor-element elementor-element-e458791\" data-id=\"e458791\" data-element_type=\"column\">\n\t\t\t<div class=\"elementor-column-wrap elementor-element-populated\">\n\t\t\t\t\t\t\t<div class=\"elementor-widget-wrap\">\n\t\t\t\t\t\t<div class=\"elementor-element elementor-element-f78aa61 elementor-widget elementor-widget-heading\" data-id=\"f78aa61\" data-element_type=\"widget\" data-widget_type=\"heading.default\">\n\t\t\t\t<div class=\"elementor-widget-container\">\n\t\t\t<h2 class=\"elementor-heading-title elementor-size-default\"><br><br>Es gibt einen Kongress?<\/h2>\t\t<\/div>\n\t\t\t\t<\/div>\n\t\t\t\t<div class=\"elementor-element elementor-element-5504a32 elementor-widget elementor-widget-text-editor\" data-id=\"5504a32\" data-element_type=\"widget\" data-widget_type=\"text-editor.default\">\n\t\t\t\t<div class=\"elementor-widget-container\">\n\t\t\t\t\t\t\t\t<div class=\"elementor-text-editor elementor-clearfix\">\n\t\t\t\t<p>Zur Vernetzung und Weiterbildung der einzelnen Teddyb\u00e4rkrankenh\u00e4user aus den Universit\u00e4tsst\u00e4dten findet j\u00e4hrlich ein sogenannter Teddyb\u00e4rkrankenhaus-Kongress mit rund 200 Teilnehmenden aus Deutschland, \u00d6sterreich und der Schweiz statt. Der Kongress dient dem Austausch untereinander und bietet einen sehr guten Raum f\u00fcr die Vernetzung zwischen den Teddyb\u00e4rkrankenh\u00e4usern und ein Training f\u00fcr die neuen Teddydocs.<\/p><p>Neben Seminaren zur Organisation der Veranstaltung werden auch p\u00e4diatrische Kurse, Vorlesungen und Kreativ-Workshops angeboten. Der Ausrichtungsort wechselt jedes Jahr. F\u00fcr dieses Jahr haben wir den Staffelstab von Kiel \u00fcbernommen und werden die Ehre haben, vom <b>28. bis zum 30. Oktober 2022<\/b> Gastgeber dieses internationalen Kongresses zu sein.<\/p>\t\t\t\t\t<\/div>\n\t\t\t\t\t\t<\/div>\n\t\t\t\t<\/div>\n\t\t\t\t\t\t<\/div>\n\t\t\t\t\t<\/div>\n\t\t<\/div>\n\t\t\t\t<div class=\"elementor-column elementor-col-50 elementor-inner-column elementor-element elementor-element-feb6db6\" data-id=\"feb6db6\" data-element_type=\"column\">\n\t\t\t<div class=\"elementor-column-wrap elementor-element-populated\">\n\t\t\t\t\t\t\t<div class=\"elementor-widget-wrap\">\n\t\t\t\t\t\t<div class=\"elementor-element elementor-element-53697d3 elementor-widget elementor-widget-image\" data-id=\"53697d3\" data-element_type=\"widget\" data-widget_type=\"image.default\">\n\t\t\t\t<div class=\"elementor-widget-container\">\n\t\t\t\t\t\t\t\t<div class=\"elementor-image\">\n\t\t\t\t\t\t\t\t\t\t\t\t<img width=\"500\" height=\"250\" src=\"https:\/\/www.tbk-goettingen.de\/wp-content\/uploads\/2022\/05\/TBK-Kongresslogo-e1653040894786.jpeg\" class=\"attachment-full size-full\" alt=\"\" loading=\"lazy\" srcset=\"https:\/\/www.tbk-goettingen.de\/wp-content\/uploads\/2022\/05\/TBK-Kongresslogo-e1653040894786.jpeg 500w, https:\/\/www.tbk-goettingen.de\/wp-content\/uploads\/2022\/05\/TBK-Kongresslogo-e1653040894786-300x150.jpeg 300w\" sizes=\"(max-width: 500px) 100vw, 500px\" \/>\t\t\t\t\t\t\t\t\t\t\t\t\t\t<\/div>\n\t\t\t\t\t\t<\/div>\n\t\t\t\t<\/div>\n\t\t\t\t<div class=\"elementor-element elementor-element-274d318 elementor-hidden-mobile elementor-widget elementor-widget-image\" data-id=\"274d318\" data-element_type=\"widget\" data-widget_type=\"image.default\">\n\t\t\t\t<div class=\"elementor-widget-container\">\n\t\t\t\t\t\t\t\t<div class=\"elementor-image\">\n\t\t\t\t\t\t\t\t\t\t\t\t<img width=\"768\" height=\"576\" src=\"https:\/\/www.tbk-goettingen.de\/wp-content\/uploads\/2022\/05\/WhatsApp-Image-2022-05-08-at-01.09.38-768x576.jpeg\" class=\"attachment-medium_large size-medium_large\" alt=\"\" loading=\"lazy\" srcset=\"https:\/\/www.tbk-goettingen.de\/wp-content\/uploads\/2022\/05\/WhatsApp-Image-2022-05-08-at-01.09.38-768x576.jpeg 768w, https:\/\/www.tbk-goettingen.de\/wp-content\/uploads\/2022\/05\/WhatsApp-Image-2022-05-08-at-01.09.38-300x225.jpeg 300w, https:\/\/www.tbk-goettingen.de\/wp-content\/uploads\/2022\/05\/WhatsApp-Image-2022-05-08-at-01.09.38-1024x768.jpeg 1024w, https:\/\/www.tbk-goettingen.de\/wp-content\/uploads\/2022\/05\/WhatsApp-Image-2022-05-08-at-01.09.38-1536x1152.jpeg 1536w, https:\/\/www.tbk-goettingen.de\/wp-content\/uploads\/2022\/05\/WhatsApp-Image-2022-05-08-at-01.09.38.jpeg 1600w\" sizes=\"(max-width: 768px) 100vw, 768px\" \/>\t\t\t\t\t\t\t\t\t\t\t\t\t\t<\/div>\n\t\t\t\t\t\t<\/div>\n\t\t\t\t<\/div>\n\t\t\t\t\t\t<\/div>\n\t\t\t\t\t<\/div>\n\t\t<\/div>\n\t\t\t\t\t\t\t\t<\/div>\n\t\t\t\t\t<\/div>\n\t\t<\/section>\n\t\t\t\t<section class=\"elementor-section elementor-inner-section elementor-element elementor-element-d0963ea elementor-reverse-mobile elementor-section-boxed elementor-section-height-default elementor-section-height-default\" data-id=\"d0963ea\" data-element_type=\"section\">\n\t\t\t\t\t\t<div class=\"elementor-container elementor-column-gap-default\">\n\t\t\t\t\t\t\t<div class=\"elementor-row\">\n\t\t\t\t\t<div class=\"elementor-column elementor-col-50 elementor-inner-column elementor-element elementor-element-497d4e6\" data-id=\"497d4e6\" data-element_type=\"column\">\n\t\t\t<div class=\"elementor-column-wrap elementor-element-populated\">\n\t\t\t\t\t\t\t<div class=\"elementor-widget-wrap\">\n\t\t\t\t\t\t<div class=\"elementor-element elementor-element-0b4f74a elementor-widget elementor-widget-image\" data-id=\"0b4f74a\" data-element_type=\"widget\" data-widget_type=\"image.default\">\n\t\t\t\t<div class=\"elementor-widget-container\">\n\t\t\t\t\t\t\t\t<div class=\"elementor-image\">\n\t\t\t\t\t\t\t\t\t\t\t\t<img width=\"1024\" height=\"385\" src=\"https:\/\/www.tbk-goettingen.de\/wp-content\/uploads\/2022\/05\/AG_Logo_2zeilig_1004393-1024x385.png\" class=\"attachment-large size-large\" alt=\"\" loading=\"lazy\" srcset=\"https:\/\/www.tbk-goettingen.de\/wp-content\/uploads\/2022\/05\/AG_Logo_2zeilig_1004393-1024x385.png 1024w, https:\/\/www.tbk-goettingen.de\/wp-content\/uploads\/2022\/05\/AG_Logo_2zeilig_1004393-300x113.png 300w, https:\/\/www.tbk-goettingen.de\/wp-content\/uploads\/2022\/05\/AG_Logo_2zeilig_1004393-768x289.png 768w, https:\/\/www.tbk-goettingen.de\/wp-content\/uploads\/2022\/05\/AG_Logo_2zeilig_1004393-1536x578.png 1536w, https:\/\/www.tbk-goettingen.de\/wp-content\/uploads\/2022\/05\/AG_Logo_2zeilig_1004393-2048x771.png 2048w\" sizes=\"(max-width: 1024px) 100vw, 1024px\" \/>\t\t\t\t\t\t\t\t\t\t\t\t\t\t<\/div>\n\t\t\t\t\t\t<\/div>\n\t\t\t\t<\/div>\n\t\t\t\t\t\t<\/div>\n\t\t\t\t\t<\/div>\n\t\t<\/div>\n\t\t\t\t<div class=\"elementor-column elementor-col-50 elementor-inner-column elementor-element elementor-element-c2ec496\" data-id=\"c2ec496\" data-element_type=\"column\">\n\t\t\t<div class=\"elementor-column-wrap elementor-element-populated\">\n\t\t\t\t\t\t\t<div class=\"elementor-widget-wrap\">\n\t\t\t\t\t\t<div class=\"elementor-element elementor-element-68424bd elementor-widget elementor-widget-heading\" data-id=\"68424bd\" data-element_type=\"widget\" data-widget_type=\"heading.default\">\n\t\t\t\t<div class=\"elementor-widget-container\">\n\t\t\t<h2 class=\"elementor-heading-title elementor-size-default\">Macht ihr das ganz alleine?<\/h2>\t\t<\/div>\n\t\t\t\t<\/div>\n\t\t\t\t<div class=\"elementor-element elementor-element-d13e2e6 elementor-widget elementor-widget-text-editor\" data-id=\"d13e2e6\" data-element_type=\"widget\" data-widget_type=\"text-editor.default\">\n\t\t\t\t<div class=\"elementor-widget-container\">\n\t\t\t\t\t\t\t\t<div class=\"elementor-text-editor elementor-clearfix\">\n\t\t\t\t<p>Im Rahmen unserer Vorbereitungen konnten wir bereits Alumni G\u00f6ttingen f\u00fcr unser Projekt als Mitveranstalter gewinnen. Alumni G\u00f6ttingen ist eine internationale Gemeinschaft von Ehemaligen, Studierenden und<br \/>Angeh\u00f6rigen der Universit\u00e4t G\u00f6ttingen. Als gemeinn\u00fctziger Verein schafft er ein weltumspannendes Netzwerk und setzt sich f\u00fcr die Zukunft der Universit\u00e4t ein: f\u00fcr Chancengleichheit in akademischer Bildung und in der Pers\u00f6nlichkeitsentwicklung, f\u00fcr wissenschaftlichen Fortschritt und Wissensaustausch. Mehr Informationen zur Arbeit und Zielsetzung von Alumni G\u00f6ttingen finden Sie auf<a style=\"font-size: 14px; background-color: #ffffff;\" href=\"https:\/\/www.alumni-goettingen.de\/\" target=\"_blank\" rel=\"noopener\">\u00a0https:\/\/www.alumni-goettingen.de\/<\/a><\/p>\t\t\t\t\t<\/div>\n\t\t\t\t\t\t<\/div>\n\t\t\t\t<\/div>\n\t\t\t\t\t\t<\/div>\n\t\t\t\t\t<\/div>\n\t\t<\/div>\n\t\t\t\t\t\t\t\t<\/div>\n\t\t\t\t\t<\/div>\n\t\t<\/section>\n\t\t\t\t<section class=\"elementor-section elementor-inner-section elementor-element elementor-element-611c278 elementor-section-boxed elementor-section-height-default elementor-section-height-default\" data-id=\"611c278\" data-element_type=\"section\">\n\t\t\t\t\t\t<div class=\"elementor-container elementor-column-gap-default\">\n\t\t\t\t\t\t\t<div class=\"elementor-row\">\n\t\t\t\t\t<div class=\"elementor-column elementor-col-50 elementor-inner-column elementor-element elementor-element-3ab7c9b\" data-id=\"3ab7c9b\" data-element_type=\"column\">\n\t\t\t<div class=\"elementor-column-wrap elementor-element-populated\">\n\t\t\t\t\t\t\t<div class=\"elementor-widget-wrap\">\n\t\t\t\t\t\t<div class=\"elementor-element elementor-element-b53782c elementor-widget elementor-widget-heading\" data-id=\"b53782c\" data-element_type=\"widget\" data-widget_type=\"heading.default\">\n\t\t\t\t<div class=\"elementor-widget-container\">\n\t\t\t<h2 class=\"elementor-heading-title elementor-size-default\">Und wie finanziert ihr das?<\/h2>\t\t<\/div>\n\t\t\t\t<\/div>\n\t\t\t\t<div class=\"elementor-element elementor-element-3a744c5 elementor-widget elementor-widget-text-editor\" data-id=\"3a744c5\" data-element_type=\"widget\" data-widget_type=\"text-editor.default\">\n\t\t\t\t<div class=\"elementor-widget-container\">\n\t\t\t\t\t\t\t\t<div class=\"elementor-text-editor elementor-clearfix\">\n\t\t\t\t<p>Jetzt kommen Sie ins Spiel &#8211; f\u00fcr die Seminare und Workshops, aber auch f\u00fcr die Unterbringung und Verpflegung der Kongress-Teilnehmenden suchen<br \/>wir noch tatkr\u00e4ftig nach Sponsor*innen und Spender*innen, die einen finanziellen Beitrag zu unserem Vorhaben leisten m\u00f6chten.<br \/>Ihre gro\u00dfz\u00fcgige Spende nehmen wir gerne \u00fcber die\u00a0<a href=\"https:\/\/www.alumni-goettingen.de\/spenden\/internationaler-teddybaerkrankenhaus-kongress-2022\/\" target=\"_blank\" rel=\"noopener\">Website von Alumni G\u00f6ttingen<\/a>\u00a0entgegen. Bei Interesse an einem Sponsoring-Vertrag freuen wir uns auf Ihre Nachricht an:\u00a0<a style=\"font-size: 14px; background-color: #ffffff;\" href=\"mailto:tbk-goettingen.kongress@gmx.de\" target=\"_blank\" rel=\"noopener\">tbk-goettingen.kongress@gmx.de<\/a><\/p><p>Bei weiteren Fragen und Anmerkungen sind wir \u00fcber unsere \u00fcblichen Kan\u00e4le erreichbar, die Sie auch nochmal ganz unten auf dieser Website finden!<\/p>\t\t\t\t\t<\/div>\n\t\t\t\t\t\t<\/div>\n\t\t\t\t<\/div>\n\t\t\t\t\t\t<\/div>\n\t\t\t\t\t<\/div>\n\t\t<\/div>\n\t\t\t\t<div class=\"elementor-column elementor-col-50 elementor-inner-column elementor-element elementor-element-971dd7a\" data-id=\"971dd7a\" data-element_type=\"column\">\n\t\t\t<div class=\"elementor-column-wrap elementor-element-populated\">\n\t\t\t\t\t\t\t<div class=\"elementor-widget-wrap\">\n\t\t\t\t\t\t<div class=\"elementor-element elementor-element-42c13a6 elementor-widget elementor-widget-image\" data-id=\"42c13a6\" data-element_type=\"widget\" data-widget_type=\"image.default\">\n\t\t\t\t<div class=\"elementor-widget-container\">\n\t\t\t\t\t\t\t\t<div class=\"elementor-image\">\n\t\t\t\t\t\t\t\t\t\t\t\t<img src=\"https:\/\/www.tbk-goettingen.de\/wp-content\/uploads\/elementor\/thumbs\/TBK-Spendenbox-05248-pohc8qf04kolti6y86l0xmrnzrd664v7vwm10oskqo.png\" title=\"TBK-Spendenbox-05248\" alt=\"TBK-Spendenbox-05248\" \/>\t\t\t\t\t\t\t\t\t\t\t\t\t\t<\/div>\n\t\t\t\t\t\t<\/div>\n\t\t\t\t<\/div>\n\t\t\t\t<div class=\"elementor-element elementor-element-11b1c12 elementor-align-center elementor-widget elementor-widget-button\" data-id=\"11b1c12\" data-element_type=\"widget\" data-widget_type=\"button.default\">\n\t\t\t\t<div class=\"elementor-widget-container\">\n\t\t\t\t\t<div class=\"elementor-button-wrapper\">\n\t\t\t<a href=\"https:\/\/www.alumni-goettingen.de\/spenden\/internationaler-teddybaerkrankenhaus-kongress-2022\/\" class=\"elementor-button-link elementor-button elementor-size-md elementor-animation-grow\" role=\"button\">\n\t\t\t\t\t\t<span class=\"elementor-button-content-wrapper\">\n\t\t\t\t\t\t<span class=\"elementor-button-text\">Spenden<\/span>\n\t\t<\/span>\n\t\t\t\t\t<\/a>\n\t\t<\/div>\n\t\t\t\t<\/div>\n\t\t\t\t<\/div>\n\t\t\t\t\t\t<\/div>\n\t\t\t\t\t<\/div>\n\t\t<\/div>\n\t\t\t\t\t\t\t\t<\/div>\n\t\t\t\t\t<\/div>\n\t\t<\/section>\n\t\t\t\t<section class=\"elementor-section elementor-inner-section elementor-element elementor-element-bbc8273 elementor-reverse-mobile elementor-section-boxed elementor-section-height-default elementor-section-height-default\" data-id=\"bbc8273\" data-element_type=\"section\">\n\t\t\t\t\t\t<div class=\"elementor-container elementor-column-gap-default\">\n\t\t\t\t\t\t\t<div class=\"elementor-row\">\n\t\t\t\t\t<div class=\"elementor-column elementor-col-50 elementor-inner-column elementor-element elementor-element-dea9e58\" data-id=\"dea9e58\" data-element_type=\"column\">\n\t\t\t<div class=\"elementor-column-wrap elementor-element-populated\">\n\t\t\t\t\t\t\t<div class=\"elementor-widget-wrap\">\n\t\t\t\t\t\t<div class=\"elementor-element elementor-element-e2a46a9 elementor-widget elementor-widget-image\" data-id=\"e2a46a9\" data-element_type=\"widget\" data-widget_type=\"image.default\">\n\t\t\t\t<div class=\"elementor-widget-container\">\n\t\t\t\t\t\t\t\t<div class=\"elementor-image\">\n\t\t\t\t\t\t\t\t\t\t\t\t<img width=\"768\" height=\"512\" src=\"https:\/\/www.tbk-goettingen.de\/wp-content\/uploads\/2022\/05\/IMG_5365-768x512.jpg\" class=\"attachment-medium_large size-medium_large\" alt=\"\" loading=\"lazy\" srcset=\"https:\/\/www.tbk-goettingen.de\/wp-content\/uploads\/2022\/05\/IMG_5365-768x512.jpg 768w, https:\/\/www.tbk-goettingen.de\/wp-content\/uploads\/2022\/05\/IMG_5365-300x200.jpg 300w, https:\/\/www.tbk-goettingen.de\/wp-content\/uploads\/2022\/05\/IMG_5365-1024x683.jpg 1024w, https:\/\/www.tbk-goettingen.de\/wp-content\/uploads\/2022\/05\/IMG_5365-1536x1024.jpg 1536w, https:\/\/www.tbk-goettingen.de\/wp-content\/uploads\/2022\/05\/IMG_5365-2048x1365.jpg 2048w\" sizes=\"(max-width: 768px) 100vw, 768px\" \/>\t\t\t\t\t\t\t\t\t\t\t\t\t\t<\/div>\n\t\t\t\t\t\t<\/div>\n\t\t\t\t<\/div>\n\t\t\t\t\t\t<\/div>\n\t\t\t\t\t<\/div>\n\t\t<\/div>\n\t\t\t\t<div class=\"elementor-column elementor-col-50 elementor-inner-column elementor-element elementor-element-b892a7a\" data-id=\"b892a7a\" data-element_type=\"column\">\n\t\t\t<div class=\"elementor-column-wrap elementor-element-populated\">\n\t\t\t\t\t\t\t<div class=\"elementor-widget-wrap\">\n\t\t\t\t\t\t<div class=\"elementor-element elementor-element-e66f86a elementor-widget elementor-widget-heading\" data-id=\"e66f86a\" data-element_type=\"widget\" data-widget_type=\"heading.default\">\n\t\t\t\t<div class=\"elementor-widget-container\">\n\t\t\t<h2 class=\"elementor-heading-title elementor-size-default\">Wie kann ich am Kongress teilnehmen?<\/h2>\t\t<\/div>\n\t\t\t\t<\/div>\n\t\t\t\t<div class=\"elementor-element elementor-element-6ce9d53 elementor-widget elementor-widget-text-editor\" data-id=\"6ce9d53\" data-element_type=\"widget\" data-widget_type=\"text-editor.default\">\n\t\t\t\t<div class=\"elementor-widget-container\">\n\t\t\t\t\t\t\t\t<div class=\"elementor-text-editor elementor-clearfix\">\n\t\t\t\t<p>F\u00fcr euch liebe Teddy-Orga-Teams bereiten wir gerade einen b\u00e4rigen Kongress vor. F\u00fcr die Anmeldung habt ihr eine Mail von uns bekommen. Falls ihr keine Infos bekommen habt, meldet euch gerne \u00fcber <a href=\"mailto:teddybaer.krankenhaus@gmx.de\">teddybaer.krankenhaus@gmx.de<\/a> bei uns.<span style=\"font-size: 14px; color: var( --e-global-color-text );\">&nbsp;Alles dar\u00fcber hinaus erfahrt ihr, wenn es soweit ist, auch hier auf unserer Website, also &#8211; stay tuned!<\/span><\/p>\t\t\t\t\t<\/div>\n\t\t\t\t\t\t<\/div>\n\t\t\t\t<\/div>\n\t\t\t\t\t\t<\/div>\n\t\t\t\t\t<\/div>\n\t\t<\/div>\n\t\t\t\t\t\t\t\t<\/div>\n\t\t\t\t\t<\/div>\n\t\t<\/section>\n\t\t\t\t\t\t<\/div>\n\t\t\t\t\t<\/div>\n\t\t<\/div>\n\t\t\t\t\t\t\t\t<\/div>\n\t\t\t\t\t<\/div>\n\t\t<\/section>\n\t\t\t\t<section class=\"elementor-section elementor-top-section elementor-element elementor-element-23613bca elementor-section-boxed elementor-section-height-default elementor-section-height-default\" data-id=\"23613bca\" data-element_type=\"section\" data-settings=\"{&quot;background_background&quot;:&quot;classic&quot;}\">\n\t\t\t\t\t\t<div class=\"elementor-container elementor-column-gap-extended\">\n\t\t\t\t\t\t\t<div class=\"elementor-row\">\n\t\t\t\t\t<div class=\"elementor-column elementor-col-50 elementor-top-column elementor-element elementor-element-735f3a47\" data-id=\"735f3a47\" data-element_type=\"column\">\n\t\t\t<div class=\"elementor-column-wrap elementor-element-populated\">\n\t\t\t\t\t\t\t<div class=\"elementor-widget-wrap\">\n\t\t\t\t\t\t<div class=\"elementor-element elementor-element-2d298d57 elementor-align-left elementor-icon-list--layout-traditional elementor-list-item-link-full_width elementor-widget elementor-widget-icon-list\" data-id=\"2d298d57\" data-element_type=\"widget\" data-widget_type=\"icon-list.default\">\n\t\t\t\t<div class=\"elementor-widget-container\">\n\t\t\t\t\t<ul class=\"elementor-icon-list-items\">\n\t\t\t\t\t\t\t<li class=\"elementor-icon-list-item\">\n\t\t\t\t\t\t\t\t\t\t\t<a href=\"mailto:info@tbk-goettingen.de\">\n\n\t\t\t\t\t\t\t\t\t\t\t\t<span class=\"elementor-icon-list-icon\">\n\t\t\t\t\t\t\t<i aria-hidden=\"true\" class=\"far fa-envelope\"><\/i>\t\t\t\t\t\t<\/span>\n\t\t\t\t\t\t\t\t\t\t<span class=\"elementor-icon-list-text\">info@tbk-goettingen.de<\/span>\n\t\t\t\t\t\t\t\t\t\t\t<\/a>\n\t\t\t\t\t\t\t\t\t<\/li>\n\t\t\t\t\t\t\t\t<li class=\"elementor-icon-list-item\">\n\t\t\t\t\t\t\t\t\t\t\t<a href=\"https:\/\/instagram.com\/tbk_goettingen\" target=\"_blank\">\n\n\t\t\t\t\t\t\t\t\t\t\t\t<span class=\"elementor-icon-list-icon\">\n\t\t\t\t\t\t\t<i aria-hidden=\"true\" class=\"fab fa-instagram\"><\/i>\t\t\t\t\t\t<\/span>\n\t\t\t\t\t\t\t\t\t\t<span class=\"elementor-icon-list-text\">tbk_goettingen<\/span>\n\t\t\t\t\t\t\t\t\t\t\t<\/a>\n\t\t\t\t\t\t\t\t\t<\/li>\n\t\t\t\t\t\t\t\t<li class=\"elementor-icon-list-item\">\n\t\t\t\t\t\t\t\t\t\t\t<a href=\"https:\/\/www.facebook.com\/teddybaerkrankenhausgoettingen\/#\" target=\"_blank\">\n\n\t\t\t\t\t\t\t\t\t\t\t\t<span class=\"elementor-icon-list-icon\">\n\t\t\t\t\t\t\t<i aria-hidden=\"true\" class=\"fab fa-facebook-square\"><\/i>\t\t\t\t\t\t<\/span>\n\t\t\t\t\t\t\t\t\t\t<span class=\"elementor-icon-list-text\">teddybaerkrankenhausgoettingen<\/span>\n\t\t\t\t\t\t\t\t\t\t\t<\/a>\n\t\t\t\t\t\t\t\t\t<\/li>\n\t\t\t\t\t\t<\/ul>\n\t\t\t\t<\/div>\n\t\t\t\t<\/div>\n\t\t\t\t\t\t<\/div>\n\t\t\t\t\t<\/div>\n\t\t<\/div>\n\t\t\t\t<div class=\"elementor-column elementor-col-50 elementor-top-column elementor-element elementor-element-4b2c28a7\" data-id=\"4b2c28a7\" data-element_type=\"column\">\n\t\t\t<div class=\"elementor-column-wrap elementor-element-populated\">\n\t\t\t\t\t\t\t<div class=\"elementor-widget-wrap\">\n\t\t\t\t\t\t<div class=\"elementor-element elementor-element-49a45510 elementor-widget elementor-widget-text-editor\" data-id=\"49a45510\" data-element_type=\"widget\" data-widget_type=\"text-editor.default\">\n\t\t\t\t<div class=\"elementor-widget-container\">\n\t\t\t\t\t\t\t\t<div class=\"elementor-text-editor elementor-clearfix\">\n\t\t\t\t<p>Fachschaft Medizin<br \/>Projekt Teddyb\u00e4rkrankenhaus\u00a0<br \/>Go\u00dflerstra\u00dfe 16a\u00a0<br \/>37073 G\u00f6ttingen<\/p>\t\t\t\t\t<\/div>\n\t\t\t\t\t\t<\/div>\n\t\t\t\t<\/div>\n\t\t\t\t\t\t<\/div>\n\t\t\t\t\t<\/div>\n\t\t<\/div>\n\t\t\t\t\t\t\t\t<\/div>\n\t\t\t\t\t<\/div>\n\t\t<\/section>\n\t\t\t\t\t\t<\/div>\n\t\t\t\t\t\t<\/div>\n\t\t\t\t\t<\/div>\n\t\t","protected":false},"excerpt":{"rendered":"<p>TBK Kongress 2022 Es gibt einen Kongress? Zur Vernetzung und Weiterbildung der einzelnen Teddyb\u00e4rkrankenh\u00e4user aus den Universit\u00e4tsst\u00e4dten findet j\u00e4hrlich ein sogenannter Teddyb\u00e4rkrankenhaus-Kongress mit rund 200 Teilnehmenden aus Deutschland, \u00d6sterreich und der Schweiz statt. Der Kongress dient dem Austausch untereinander und bietet einen sehr guten Raum f\u00fcr die Vernetzung zwischen den Teddyb\u00e4rkrankenh\u00e4usern und ein Training f\u00fcr [&hellip;]<\/p>\n","protected":false},"author":1,"featured_media":0,"parent":0,"menu_order":0,"comment_status":"closed","ping_status":"closed","template":"","meta":[],"_links":{"self":[{"href":"https:\/\/www.tbk-goettingen.de\/index.php\/wp-json\/wp\/v2\/pages\/1180"}],"collection":[{"href":"https:\/\/www.tbk-goettingen.de\/index.php\/wp-json\/wp\/v2\/pages"}],"about":[{"href":"https:\/\/www.tbk-goettingen.de\/index.php\/wp-json\/wp\/v2\/types\/page"}],"author":[{"embeddable":true,"href":"https:\/\/www.tbk-goettingen.de\/index.php\/wp-json\/wp\/v2\/users\/1"}],"replies":[{"embeddable":true,"href":"https:\/\/www.tbk-goettingen.de\/index.php\/wp-json\/wp\/v2\/comments?post=1180"}],"version-history":[{"count":81,"href":"https:\/\/www.tbk-goettingen.de\/index.php\/wp-json\/wp\/v2\/pages\/1180\/revisions"}],"predecessor-version":[{"id":2877,"href":"https:\/\/www.tbk-goettingen.de\/index.php\/wp-json\/wp\/v2\/pages\/1180\/revisions\/2877"}],"wp:attachment":[{"href":"https:\/\/www.tbk-goettingen.de\/index.php\/wp-json\/wp\/v2\/media?parent=1180"}],"curies":[{"name":"wp","href":"https:\/\/api.w.org\/{rel}","templated":true}]}}