{"id":128,"date":"2021-01-25T22:29:38","date_gmt":"2021-01-25T21:29:38","guid":{"rendered":"https:\/\/www.tbk-goettingen.de\/?page_id=128"},"modified":"2025-03-18T11:06:54","modified_gmt":"2025-03-18T10:06:54","slug":"impressum","status":"publish","type":"page","link":"https:\/\/www.tbk-goettingen.de\/index.php\/impressum\/","title":{"rendered":"Impressum"},"content":{"rendered":"\t\t<div data-elementor-type=\"wp-page\" data-elementor-id=\"128\" class=\"elementor elementor-128\" data-elementor-settings=\"[]\">\n\t\t\t\t\t\t<div class=\"elementor-inner\">\n\t\t\t\t\t\t\t<div class=\"elementor-section-wrap\">\n\t\t\t\t\t\t\t<section class=\"elementor-section elementor-top-section elementor-element elementor-element-5d9912cf elementor-section-boxed elementor-section-height-default elementor-section-height-default\" data-id=\"5d9912cf\" data-element_type=\"section\" data-settings=\"{&quot;background_background&quot;:&quot;classic&quot;}\">\n\t\t\t\t\t\t\t<div class=\"elementor-background-overlay\"><\/div>\n\t\t\t\t\t\t\t<div class=\"elementor-container elementor-column-gap-default\">\n\t\t\t\t\t\t\t<div class=\"elementor-row\">\n\t\t\t\t\t<div class=\"elementor-column elementor-col-100 elementor-top-column elementor-element elementor-element-6259c145\" data-id=\"6259c145\" data-element_type=\"column\">\n\t\t\t<div class=\"elementor-column-wrap elementor-element-populated\">\n\t\t\t\t\t\t\t<div class=\"elementor-widget-wrap\">\n\t\t\t\t\t\t<div class=\"elementor-element elementor-element-33191293 elementor-widget elementor-widget-spacer\" data-id=\"33191293\" data-element_type=\"widget\" data-widget_type=\"spacer.default\">\n\t\t\t\t<div class=\"elementor-widget-container\">\n\t\t\t\t\t<div class=\"elementor-spacer\">\n\t\t\t<div class=\"elementor-spacer-inner\"><\/div>\n\t\t<\/div>\n\t\t\t\t<\/div>\n\t\t\t\t<\/div>\n\t\t\t\t\t\t<\/div>\n\t\t\t\t\t<\/div>\n\t\t<\/div>\n\t\t\t\t\t\t\t\t<\/div>\n\t\t\t\t\t<\/div>\n\t\t<\/section>\n\t\t\t\t<section class=\"elementor-section elementor-top-section elementor-element elementor-element-19ec5b7 elementor-section-boxed elementor-section-height-default elementor-section-height-default\" data-id=\"19ec5b7\" data-element_type=\"section\">\n\t\t\t\t\t\t<div class=\"elementor-container elementor-column-gap-default\">\n\t\t\t\t\t\t\t<div class=\"elementor-row\">\n\t\t\t\t\t<div class=\"elementor-column elementor-col-100 elementor-top-column elementor-element elementor-element-8a5b878\" data-id=\"8a5b878\" data-element_type=\"column\">\n\t\t\t<div class=\"elementor-column-wrap elementor-element-populated\">\n\t\t\t\t\t\t\t<div class=\"elementor-widget-wrap\">\n\t\t\t\t\t\t<div class=\"elementor-element elementor-element-aa33a54 elementor-widget elementor-widget-heading\" data-id=\"aa33a54\" data-element_type=\"widget\" data-widget_type=\"heading.default\">\n\t\t\t\t<div class=\"elementor-widget-container\">\n\t\t\t<h2 class=\"elementor-heading-title elementor-size-default\">Impressum<\/h2>\t\t<\/div>\n\t\t\t\t<\/div>\n\t\t\t\t<div class=\"elementor-element elementor-element-aa8930a elementor-widget elementor-widget-text-editor\" data-id=\"aa8930a\" data-element_type=\"widget\" data-widget_type=\"text-editor.default\">\n\t\t\t\t<div class=\"elementor-widget-container\">\n\t\t\t\t\t\t\t\t<div class=\"elementor-text-editor elementor-clearfix\">\n\t\t\t\t<div>Betreiber und Kontakt:<\/div>\n<div>&nbsp;<\/div>\n<p>Unabh\u00e4ngige Mediziner G\u00f6ttingen e.V.<span style=\"color: var( --e-global-color-text ); font-size: 14px; -webkit-text-size-adjust: 100%;\"><br>Go\u00dflerstra\u00dfe 16a<br>37073 G\u00f6ttingen<\/span><\/p>\n<p>Email: info@tbk-goettingen.de<br><span style=\"font-size: 14px; color: var( --e-global-color-text ); -webkit-text-size-adjust: 100%;\"><br><\/span><\/p>\n<p><span style=\"font-size: 14px; color: var( --e-global-color-text ); -webkit-text-size-adjust: 100%;\">Vertreten durch: Nils Fiebig, Johannes Nolting, Eyleen Rosenberg, Hanna Wedemeyer<\/span><span style=\"color: var( --e-global-color-text ); font-size: 14px; -webkit-text-size-adjust: 100%;\">, <\/span><span style=\"font-size: 14px; color: var( --e-global-color-text ); -webkit-text-size-adjust: 100%;\">Svenja Wittig und Nour Zeaiter<\/span><\/p>\n<p>Registereintrag: eingetragen im Vereinsregister<br>Registergericht: Amtsgericht G\u00f6ttingen<br>Registernummer: VR 2006030<\/p>\n<p>Steuernummer: 20\/205\/01850<\/p>\t\t\t\t\t<\/div>\n\t\t\t\t\t\t<\/div>\n\t\t\t\t<\/div>\n\t\t\t\t\t\t<\/div>\n\t\t\t\t\t<\/div>\n\t\t<\/div>\n\t\t\t\t\t\t\t\t<\/div>\n\t\t\t\t\t<\/div>\n\t\t<\/section>\n\t\t\t\t<section class=\"elementor-section elementor-top-section elementor-element elementor-element-bc10428 elementor-section-boxed elementor-section-height-default elementor-section-height-default\" data-id=\"bc10428\" data-element_type=\"section\" data-settings=\"{&quot;background_background&quot;:&quot;classic&quot;}\">\n\t\t\t\t\t\t<div class=\"elementor-container elementor-column-gap-extended\">\n\t\t\t\t\t\t\t<div class=\"elementor-row\">\n\t\t\t\t\t<div class=\"elementor-column elementor-col-50 elementor-top-column elementor-element elementor-element-247224d6\" data-id=\"247224d6\" data-element_type=\"column\">\n\t\t\t<div class=\"elementor-column-wrap elementor-element-populated\">\n\t\t\t\t\t\t\t<div class=\"elementor-widget-wrap\">\n\t\t\t\t\t\t<div class=\"elementor-element elementor-element-408f4f3e elementor-align-left elementor-icon-list--layout-traditional elementor-list-item-link-full_width elementor-widget elementor-widget-icon-list\" data-id=\"408f4f3e\" data-element_type=\"widget\" data-widget_type=\"icon-list.default\">\n\t\t\t\t<div class=\"elementor-widget-container\">\n\t\t\t\t\t<ul class=\"elementor-icon-list-items\">\n\t\t\t\t\t\t\t<li class=\"elementor-icon-list-item\">\n\t\t\t\t\t\t\t\t\t\t\t<a href=\"mailto:info@tbk-goettingen.de\">\n\n\t\t\t\t\t\t\t\t\t\t\t\t<span class=\"elementor-icon-list-icon\">\n\t\t\t\t\t\t\t<i aria-hidden=\"true\" class=\"far fa-envelope\"><\/i>\t\t\t\t\t\t<\/span>\n\t\t\t\t\t\t\t\t\t\t<span class=\"elementor-icon-list-text\">info@tbk-goettingen.de<\/span>\n\t\t\t\t\t\t\t\t\t\t\t<\/a>\n\t\t\t\t\t\t\t\t\t<\/li>\n\t\t\t\t\t\t\t\t<li class=\"elementor-icon-list-item\">\n\t\t\t\t\t\t\t\t\t\t\t<a href=\"https:\/\/instagram.com\/tbk_goettingen\" target=\"_blank\">\n\n\t\t\t\t\t\t\t\t\t\t\t\t<span class=\"elementor-icon-list-icon\">\n\t\t\t\t\t\t\t<i aria-hidden=\"true\" class=\"fab fa-instagram\"><\/i>\t\t\t\t\t\t<\/span>\n\t\t\t\t\t\t\t\t\t\t<span class=\"elementor-icon-list-text\">tbk_goettingen<\/span>\n\t\t\t\t\t\t\t\t\t\t\t<\/a>\n\t\t\t\t\t\t\t\t\t<\/li>\n\t\t\t\t\t\t\t\t<li class=\"elementor-icon-list-item\">\n\t\t\t\t\t\t\t\t\t\t\t<a href=\"https:\/\/www.facebook.com\/teddybaerkrankenhausgoettingen\/#\" target=\"_blank\">\n\n\t\t\t\t\t\t\t\t\t\t\t\t<span class=\"elementor-icon-list-icon\">\n\t\t\t\t\t\t\t<i aria-hidden=\"true\" class=\"fab fa-facebook-square\"><\/i>\t\t\t\t\t\t<\/span>\n\t\t\t\t\t\t\t\t\t\t<span class=\"elementor-icon-list-text\">teddybaerkrankenhausgoettingen<\/span>\n\t\t\t\t\t\t\t\t\t\t\t<\/a>\n\t\t\t\t\t\t\t\t\t<\/li>\n\t\t\t\t\t\t<\/ul>\n\t\t\t\t<\/div>\n\t\t\t\t<\/div>\n\t\t\t\t\t\t<\/div>\n\t\t\t\t\t<\/div>\n\t\t<\/div>\n\t\t\t\t<div class=\"elementor-column elementor-col-50 elementor-top-column elementor-element elementor-element-5695bdc2\" data-id=\"5695bdc2\" data-element_type=\"column\">\n\t\t\t<div class=\"elementor-column-wrap elementor-element-populated\">\n\t\t\t\t\t\t\t<div class=\"elementor-widget-wrap\">\n\t\t\t\t\t\t<div class=\"elementor-element elementor-element-26dadb80 elementor-widget elementor-widget-text-editor\" data-id=\"26dadb80\" data-element_type=\"widget\" data-widget_type=\"text-editor.default\">\n\t\t\t\t<div class=\"elementor-widget-container\">\n\t\t\t\t\t\t\t\t<div class=\"elementor-text-editor elementor-clearfix\">\n\t\t\t\t<p>Fachschaft Medizin<br \/>Projekt Teddyb\u00e4rkrankenhaus\u00a0<br \/>Go\u00dflerstra\u00dfe 16a\u00a0<br \/>37073 G\u00f6ttingen<\/p>\t\t\t\t\t<\/div>\n\t\t\t\t\t\t<\/div>\n\t\t\t\t<\/div>\n\t\t\t\t\t\t<\/div>\n\t\t\t\t\t<\/div>\n\t\t<\/div>\n\t\t\t\t\t\t\t\t<\/div>\n\t\t\t\t\t<\/div>\n\t\t<\/section>\n\t\t\t\t\t\t<\/div>\n\t\t\t\t\t\t<\/div>\n\t\t\t\t\t<\/div>\n\t\t","protected":false},"excerpt":{"rendered":"<p>Impressum Betreiber und Kontakt: &nbsp; Unabh\u00e4ngige Mediziner G\u00f6ttingen e.V.Go\u00dflerstra\u00dfe 16a37073 G\u00f6ttingen Email: info@tbk-goettingen.de Vertreten durch: Nils Fiebig, Johannes Nolting, Eyleen Rosenberg, Hanna Wedemeyer, Svenja Wittig und Nour Zeaiter Registereintrag: eingetragen im VereinsregisterRegistergericht: Amtsgericht G\u00f6ttingenRegisternummer: VR 2006030 Steuernummer: 20\/205\/01850 info@tbk-goettingen.de tbk_goettingen teddybaerkrankenhausgoettingen Fachschaft MedizinProjekt Teddyb\u00e4rkrankenhaus\u00a0Go\u00dflerstra\u00dfe 16a\u00a037073 G\u00f6ttingen<\/p>\n","protected":false},"author":1,"featured_media":0,"parent":0,"menu_order":0,"comment_status":"closed","ping_status":"closed","template":"","meta":[],"_links":{"self":[{"href":"https:\/\/www.tbk-goettingen.de\/index.php\/wp-json\/wp\/v2\/pages\/128"}],"collection":[{"href":"https:\/\/www.tbk-goettingen.de\/index.php\/wp-json\/wp\/v2\/pages"}],"about":[{"href":"https:\/\/www.tbk-goettingen.de\/index.php\/wp-json\/wp\/v2\/types\/page"}],"author":[{"embeddable":true,"href":"https:\/\/www.tbk-goettingen.de\/index.php\/wp-json\/wp\/v2\/users\/1"}],"replies":[{"embeddable":true,"href":"https:\/\/www.tbk-goettingen.de\/index.php\/wp-json\/wp\/v2\/comments?post=128"}],"version-history":[{"count":96,"href":"https:\/\/www.tbk-goettingen.de\/index.php\/wp-json\/wp\/v2\/pages\/128\/revisions"}],"predecessor-version":[{"id":2941,"href":"https:\/\/www.tbk-goettingen.de\/index.php\/wp-json\/wp\/v2\/pages\/128\/revisions\/2941"}],"wp:attachment":[{"href":"https:\/\/www.tbk-goettingen.de\/index.php\/wp-json\/wp\/v2\/media?parent=128"}],"curies":[{"name":"wp","href":"https:\/\/api.w.org\/{rel}","templated":true}]}}