{"id":1436,"date":"2022-01-28T15:28:50","date_gmt":"2022-01-28T14:28:50","guid":{"rendered":"https:\/\/www.tbk-goettingen.de\/?page_id=1436"},"modified":"2024-11-14T15:01:06","modified_gmt":"2024-11-14T14:01:06","slug":"kinder-impfaktion","status":"publish","type":"page","link":"https:\/\/www.tbk-goettingen.de\/index.php\/kinder-impfaktion\/","title":{"rendered":"Kinder-Impfaktion"},"content":{"rendered":"\t\t<div data-elementor-type=\"wp-page\" data-elementor-id=\"1436\" class=\"elementor elementor-1436\" data-elementor-settings=\"[]\">\n\t\t\t\t\t\t<div class=\"elementor-inner\">\n\t\t\t\t\t\t\t<div class=\"elementor-section-wrap\">\n\t\t\t\t\t\t\t<section class=\"elementor-section elementor-top-section elementor-element elementor-element-4e538872 elementor-section-full_width elementor-section-height-default elementor-section-height-default\" data-id=\"4e538872\" data-element_type=\"section\" data-settings=\"{&quot;background_background&quot;:&quot;classic&quot;}\">\n\t\t\t\t\t\t\t<div class=\"elementor-background-overlay\"><\/div>\n\t\t\t\t\t\t\t<div class=\"elementor-container elementor-column-gap-default\">\n\t\t\t\t\t\t\t<div class=\"elementor-row\">\n\t\t\t\t\t<div class=\"elementor-column elementor-col-100 elementor-top-column elementor-element elementor-element-39dbc703\" data-id=\"39dbc703\" data-element_type=\"column\">\n\t\t\t<div class=\"elementor-column-wrap elementor-element-populated\">\n\t\t\t\t\t\t\t<div class=\"elementor-widget-wrap\">\n\t\t\t\t\t\t<div class=\"elementor-element elementor-element-2e9a8f0a elementor-widget elementor-widget-spacer\" data-id=\"2e9a8f0a\" data-element_type=\"widget\" data-widget_type=\"spacer.default\">\n\t\t\t\t<div class=\"elementor-widget-container\">\n\t\t\t\t\t<div class=\"elementor-spacer\">\n\t\t\t<div class=\"elementor-spacer-inner\"><\/div>\n\t\t<\/div>\n\t\t\t\t<\/div>\n\t\t\t\t<\/div>\n\t\t\t\t\t\t<\/div>\n\t\t\t\t\t<\/div>\n\t\t<\/div>\n\t\t\t\t\t\t\t\t<\/div>\n\t\t\t\t\t<\/div>\n\t\t<\/section>\n\t\t\t\t<section class=\"elementor-section elementor-top-section elementor-element elementor-element-7e6f87e elementor-section-boxed elementor-section-height-default elementor-section-height-default\" data-id=\"7e6f87e\" data-element_type=\"section\">\n\t\t\t\t\t\t<div class=\"elementor-container elementor-column-gap-default\">\n\t\t\t\t\t\t\t<div class=\"elementor-row\">\n\t\t\t\t\t<div class=\"elementor-column elementor-col-100 elementor-top-column elementor-element elementor-element-f57a6f9\" data-id=\"f57a6f9\" data-element_type=\"column\">\n\t\t\t<div class=\"elementor-column-wrap elementor-element-populated\">\n\t\t\t\t\t\t\t<div class=\"elementor-widget-wrap\">\n\t\t\t\t\t\t<div class=\"elementor-element elementor-element-b19bc95 elementor-widget elementor-widget-heading\" data-id=\"b19bc95\" data-element_type=\"widget\" data-widget_type=\"heading.default\">\n\t\t\t\t<div class=\"elementor-widget-container\">\n\t\t\t<h2 class=\"elementor-heading-title elementor-size-default\">Kinder-Impfaktion<\/h2>\t\t<\/div>\n\t\t\t\t<\/div>\n\t\t\t\t<section class=\"elementor-section elementor-inner-section elementor-element elementor-element-11be2e8 elementor-section-boxed elementor-section-height-default elementor-section-height-default\" data-id=\"11be2e8\" data-element_type=\"section\">\n\t\t\t\t\t\t<div class=\"elementor-container elementor-column-gap-default\">\n\t\t\t\t\t\t\t<div class=\"elementor-row\">\n\t\t\t\t\t<div class=\"elementor-column elementor-col-50 elementor-inner-column elementor-element elementor-element-3216ea9\" data-id=\"3216ea9\" data-element_type=\"column\">\n\t\t\t<div class=\"elementor-column-wrap elementor-element-populated\">\n\t\t\t\t\t\t\t<div class=\"elementor-widget-wrap\">\n\t\t\t\t\t\t<div class=\"elementor-element elementor-element-fa08608 elementor-widget elementor-widget-text-editor\" data-id=\"fa08608\" data-element_type=\"widget\" data-widget_type=\"text-editor.default\">\n\t\t\t\t<div class=\"elementor-widget-container\">\n\t\t\t\t\t\t\t\t<div class=\"elementor-text-editor elementor-clearfix\">\n\t\t\t\t<p>Zum Jahreswechsel 2021\/2022 haben die Universit\u00e4tsmedizin G\u00f6ttingen (UMG), die Stadt und der Landkreis G\u00f6ttingen eine Impfaktion in der Adolf-Reichwein-Schule im S\u00fcden G\u00f6ttingens organisiert. An zwei Wochenenden wurden knapp 600 Kinder zwischen 5 und 12 Jahren geimpft &#8211; also fast genau unsere Zielgruppe!<br><\/p>\t\t\t\t\t<\/div>\n\t\t\t\t\t\t<\/div>\n\t\t\t\t<\/div>\n\t\t\t\t\t\t<\/div>\n\t\t\t\t\t<\/div>\n\t\t<\/div>\n\t\t\t\t<div class=\"elementor-column elementor-col-50 elementor-inner-column elementor-element elementor-element-5d42c4b\" data-id=\"5d42c4b\" data-element_type=\"column\">\n\t\t\t<div class=\"elementor-column-wrap elementor-element-populated\">\n\t\t\t\t\t\t\t<div class=\"elementor-widget-wrap\">\n\t\t\t\t\t\t<div class=\"elementor-element elementor-element-e0c9cca elementor-widget elementor-widget-image\" data-id=\"e0c9cca\" data-element_type=\"widget\" data-widget_type=\"image.default\">\n\t\t\t\t<div class=\"elementor-widget-container\">\n\t\t\t\t\t\t\t\t<div class=\"elementor-image\">\n\t\t\t\t\t\t\t\t\t\t\t\t<img width=\"768\" height=\"512\" src=\"https:\/\/www.tbk-goettingen.de\/wp-content\/uploads\/2022\/02\/211218SPF41052-768x512.jpg\" class=\"attachment-medium_large size-medium_large\" alt=\"\" loading=\"lazy\" srcset=\"https:\/\/www.tbk-goettingen.de\/wp-content\/uploads\/2022\/02\/211218SPF41052-768x512.jpg 768w, https:\/\/www.tbk-goettingen.de\/wp-content\/uploads\/2022\/02\/211218SPF41052-300x200.jpg 300w, https:\/\/www.tbk-goettingen.de\/wp-content\/uploads\/2022\/02\/211218SPF41052-1024x682.jpg 1024w, https:\/\/www.tbk-goettingen.de\/wp-content\/uploads\/2022\/02\/211218SPF41052-1536x1024.jpg 1536w, https:\/\/www.tbk-goettingen.de\/wp-content\/uploads\/2022\/02\/211218SPF41052-2048x1365.jpg 2048w\" sizes=\"(max-width: 768px) 100vw, 768px\" \/>\t\t\t\t\t\t\t\t\t\t\t\t\t\t<\/div>\n\t\t\t\t\t\t<\/div>\n\t\t\t\t<\/div>\n\t\t\t\t\t\t<\/div>\n\t\t\t\t\t<\/div>\n\t\t<\/div>\n\t\t\t\t\t\t\t\t<\/div>\n\t\t\t\t\t<\/div>\n\t\t<\/section>\n\t\t\t\t<section class=\"elementor-section elementor-inner-section elementor-element elementor-element-197cdc6 elementor-reverse-mobile elementor-section-boxed elementor-section-height-default elementor-section-height-default\" data-id=\"197cdc6\" data-element_type=\"section\">\n\t\t\t\t\t\t<div class=\"elementor-container elementor-column-gap-default\">\n\t\t\t\t\t\t\t<div class=\"elementor-row\">\n\t\t\t\t\t<div class=\"elementor-column elementor-col-50 elementor-inner-column elementor-element elementor-element-8ff2aca\" data-id=\"8ff2aca\" data-element_type=\"column\">\n\t\t\t<div class=\"elementor-column-wrap elementor-element-populated\">\n\t\t\t\t\t\t\t<div class=\"elementor-widget-wrap\">\n\t\t\t\t\t\t<div class=\"elementor-element elementor-element-382be5a elementor-widget elementor-widget-image\" data-id=\"382be5a\" data-element_type=\"widget\" data-widget_type=\"image.default\">\n\t\t\t\t<div class=\"elementor-widget-container\">\n\t\t\t\t\t\t\t\t<div class=\"elementor-image\">\n\t\t\t\t\t\t\t\t\t\t\t\t<img width=\"768\" height=\"512\" src=\"https:\/\/www.tbk-goettingen.de\/wp-content\/uploads\/2022\/02\/211218SPF41048-768x512.jpg\" class=\"attachment-medium_large size-medium_large\" alt=\"\" loading=\"lazy\" srcset=\"https:\/\/www.tbk-goettingen.de\/wp-content\/uploads\/2022\/02\/211218SPF41048-768x512.jpg 768w, https:\/\/www.tbk-goettingen.de\/wp-content\/uploads\/2022\/02\/211218SPF41048-300x200.jpg 300w, https:\/\/www.tbk-goettingen.de\/wp-content\/uploads\/2022\/02\/211218SPF41048-1024x683.jpg 1024w, https:\/\/www.tbk-goettingen.de\/wp-content\/uploads\/2022\/02\/211218SPF41048-1536x1024.jpg 1536w, https:\/\/www.tbk-goettingen.de\/wp-content\/uploads\/2022\/02\/211218SPF41048-2048x1366.jpg 2048w\" sizes=\"(max-width: 768px) 100vw, 768px\" \/>\t\t\t\t\t\t\t\t\t\t\t\t\t\t<\/div>\n\t\t\t\t\t\t<\/div>\n\t\t\t\t<\/div>\n\t\t\t\t\t\t<\/div>\n\t\t\t\t\t<\/div>\n\t\t<\/div>\n\t\t\t\t<div class=\"elementor-column elementor-col-50 elementor-inner-column elementor-element elementor-element-a60a5d1\" data-id=\"a60a5d1\" data-element_type=\"column\">\n\t\t\t<div class=\"elementor-column-wrap elementor-element-populated\">\n\t\t\t\t\t\t\t<div class=\"elementor-widget-wrap\">\n\t\t\t\t\t\t<div class=\"elementor-element elementor-element-8b55511 elementor-widget elementor-widget-text-editor\" data-id=\"8b55511\" data-element_type=\"widget\" data-widget_type=\"text-editor.default\">\n\t\t\t\t<div class=\"elementor-widget-container\">\n\t\t\t\t\t\t\t\t<div class=\"elementor-text-editor elementor-clearfix\">\n\t\t\t\t<p>Man braucht wohl kaum zu erw\u00e4hnen, dass f\u00fcr die Kinder nicht ihre eigene Spritze die Hauptattraktion war, wenn gleichzeitig noch ein Stand vom Teddyb\u00e4rkrankenhaus auf sie gewartet hat! Bei der Erstimpfung mitunter noch zaghaft, man wei\u00df ja nicht was das mitgebrachte Lieblingskuscheltier hier erwartet, umso enthusiastischer dann beim Zweitimpfungstermin str\u00f6mten die Kinder zuallererst in Richtung Teddyb\u00e4rkrankenhaus!<br><\/p>\t\t\t\t\t<\/div>\n\t\t\t\t\t\t<\/div>\n\t\t\t\t<\/div>\n\t\t\t\t\t\t<\/div>\n\t\t\t\t\t<\/div>\n\t\t<\/div>\n\t\t\t\t\t\t\t\t<\/div>\n\t\t\t\t\t<\/div>\n\t\t<\/section>\n\t\t\t\t<section class=\"elementor-section elementor-inner-section elementor-element elementor-element-b443482 elementor-section-boxed elementor-section-height-default elementor-section-height-default\" data-id=\"b443482\" data-element_type=\"section\">\n\t\t\t\t\t\t<div class=\"elementor-container elementor-column-gap-default\">\n\t\t\t\t\t\t\t<div class=\"elementor-row\">\n\t\t\t\t\t<div class=\"elementor-column elementor-col-50 elementor-inner-column elementor-element elementor-element-c406817\" data-id=\"c406817\" data-element_type=\"column\">\n\t\t\t<div class=\"elementor-column-wrap elementor-element-populated\">\n\t\t\t\t\t\t\t<div class=\"elementor-widget-wrap\">\n\t\t\t\t\t\t<div class=\"elementor-element elementor-element-05e8df5 elementor-widget elementor-widget-text-editor\" data-id=\"05e8df5\" data-element_type=\"widget\" data-widget_type=\"text-editor.default\">\n\t\t\t\t<div class=\"elementor-widget-container\">\n\t\t\t\t\t\t\t\t<div class=\"elementor-text-editor elementor-clearfix\">\n\t\t\t\t<p>Um den Kindern die Angst vor ihrer eigenen Impfung zu nehmen, hatten wir ein kleines Teddy-Impfzentrum aufgebaut. Spielerisch wurde den Kindern an ihren Lieblingskuscheltieren gezeigt, wie das mit dem Impfen funktioniert, bevor es zur eigenen Impfung ging. Bei der Erstimpfung konnten die Kinder hervorragend beim Desinfizieren, Impfen und selbstverst\u00e4ndlich beim Pflasterkleben assistieren.<\/p>\t\t\t\t\t<\/div>\n\t\t\t\t\t\t<\/div>\n\t\t\t\t<\/div>\n\t\t\t\t\t\t<\/div>\n\t\t\t\t\t<\/div>\n\t\t<\/div>\n\t\t\t\t<div class=\"elementor-column elementor-col-50 elementor-inner-column elementor-element elementor-element-8bcd368\" data-id=\"8bcd368\" data-element_type=\"column\">\n\t\t\t<div class=\"elementor-column-wrap elementor-element-populated\">\n\t\t\t\t\t\t\t<div class=\"elementor-widget-wrap\">\n\t\t\t\t\t\t<div class=\"elementor-element elementor-element-d46a19c elementor-widget elementor-widget-image\" data-id=\"d46a19c\" data-element_type=\"widget\" data-widget_type=\"image.default\">\n\t\t\t\t<div class=\"elementor-widget-container\">\n\t\t\t\t\t\t\t\t<div class=\"elementor-image\">\n\t\t\t\t\t\t\t\t\t\t\t\t<img width=\"768\" height=\"512\" src=\"https:\/\/www.tbk-goettingen.de\/wp-content\/uploads\/2022\/02\/211218SPF41050-768x512.jpg\" class=\"attachment-medium_large size-medium_large\" alt=\"\" loading=\"lazy\" srcset=\"https:\/\/www.tbk-goettingen.de\/wp-content\/uploads\/2022\/02\/211218SPF41050-768x512.jpg 768w, https:\/\/www.tbk-goettingen.de\/wp-content\/uploads\/2022\/02\/211218SPF41050-300x200.jpg 300w, https:\/\/www.tbk-goettingen.de\/wp-content\/uploads\/2022\/02\/211218SPF41050-1024x683.jpg 1024w, https:\/\/www.tbk-goettingen.de\/wp-content\/uploads\/2022\/02\/211218SPF41050-1536x1024.jpg 1536w, https:\/\/www.tbk-goettingen.de\/wp-content\/uploads\/2022\/02\/211218SPF41050-2048x1366.jpg 2048w\" sizes=\"(max-width: 768px) 100vw, 768px\" \/>\t\t\t\t\t\t\t\t\t\t\t\t\t\t<\/div>\n\t\t\t\t\t\t<\/div>\n\t\t\t\t<\/div>\n\t\t\t\t\t\t<\/div>\n\t\t\t\t\t<\/div>\n\t\t<\/div>\n\t\t\t\t\t\t\t\t<\/div>\n\t\t\t\t\t<\/div>\n\t\t<\/section>\n\t\t\t\t<section class=\"elementor-section elementor-inner-section elementor-element elementor-element-806de65 elementor-reverse-mobile elementor-section-boxed elementor-section-height-default elementor-section-height-default\" data-id=\"806de65\" data-element_type=\"section\">\n\t\t\t\t\t\t<div class=\"elementor-container elementor-column-gap-default\">\n\t\t\t\t\t\t\t<div class=\"elementor-row\">\n\t\t\t\t\t<div class=\"elementor-column elementor-col-50 elementor-inner-column elementor-element elementor-element-c7145f7\" data-id=\"c7145f7\" data-element_type=\"column\">\n\t\t\t<div class=\"elementor-column-wrap elementor-element-populated\">\n\t\t\t\t\t\t\t<div class=\"elementor-widget-wrap\">\n\t\t\t\t\t\t<div class=\"elementor-element elementor-element-2c7fc35 elementor-widget elementor-widget-image\" data-id=\"2c7fc35\" data-element_type=\"widget\" data-widget_type=\"image.default\">\n\t\t\t\t<div class=\"elementor-widget-container\">\n\t\t\t\t\t\t\t\t<div class=\"elementor-image\">\n\t\t\t\t\t\t\t\t\t\t\t\t<img width=\"768\" height=\"512\" src=\"https:\/\/www.tbk-goettingen.de\/wp-content\/uploads\/2022\/02\/211218SPF41047-768x512.jpg\" class=\"attachment-medium_large size-medium_large\" alt=\"\" loading=\"lazy\" srcset=\"https:\/\/www.tbk-goettingen.de\/wp-content\/uploads\/2022\/02\/211218SPF41047-768x512.jpg 768w, https:\/\/www.tbk-goettingen.de\/wp-content\/uploads\/2022\/02\/211218SPF41047-300x200.jpg 300w, https:\/\/www.tbk-goettingen.de\/wp-content\/uploads\/2022\/02\/211218SPF41047-1024x683.jpg 1024w, https:\/\/www.tbk-goettingen.de\/wp-content\/uploads\/2022\/02\/211218SPF41047-1536x1024.jpg 1536w, https:\/\/www.tbk-goettingen.de\/wp-content\/uploads\/2022\/02\/211218SPF41047-2048x1366.jpg 2048w\" sizes=\"(max-width: 768px) 100vw, 768px\" \/>\t\t\t\t\t\t\t\t\t\t\t\t\t\t<\/div>\n\t\t\t\t\t\t<\/div>\n\t\t\t\t<\/div>\n\t\t\t\t\t\t<\/div>\n\t\t\t\t\t<\/div>\n\t\t<\/div>\n\t\t\t\t<div class=\"elementor-column elementor-col-50 elementor-inner-column elementor-element elementor-element-249657c\" data-id=\"249657c\" data-element_type=\"column\">\n\t\t\t<div class=\"elementor-column-wrap elementor-element-populated\">\n\t\t\t\t\t\t\t<div class=\"elementor-widget-wrap\">\n\t\t\t\t\t\t<div class=\"elementor-element elementor-element-c7408bc elementor-widget elementor-widget-text-editor\" data-id=\"c7408bc\" data-element_type=\"widget\" data-widget_type=\"text-editor.default\">\n\t\t\t\t<div class=\"elementor-widget-container\">\n\t\t\t\t\t\t\t\t<div class=\"elementor-text-editor elementor-clearfix\">\n\t\t\t\t<p>Auch der Stempel im ganz besonderen knallgelben Teddy-Impfpass durfte nicht fehlen &#8211; schlie\u00dflich stand im Januar nicht nur f\u00fcr die Kinder die Zweitimpfung an.<\/p>\t\t\t\t\t<\/div>\n\t\t\t\t\t\t<\/div>\n\t\t\t\t<\/div>\n\t\t\t\t\t\t<\/div>\n\t\t\t\t\t<\/div>\n\t\t<\/div>\n\t\t\t\t\t\t\t\t<\/div>\n\t\t\t\t\t<\/div>\n\t\t<\/section>\n\t\t\t\t<section class=\"elementor-section elementor-inner-section elementor-element elementor-element-91724ab elementor-section-boxed elementor-section-height-default elementor-section-height-default\" data-id=\"91724ab\" data-element_type=\"section\">\n\t\t\t\t\t\t<div class=\"elementor-container elementor-column-gap-default\">\n\t\t\t\t\t\t\t<div class=\"elementor-row\">\n\t\t\t\t\t<div class=\"elementor-column elementor-col-50 elementor-inner-column elementor-element elementor-element-a81392b\" data-id=\"a81392b\" data-element_type=\"column\">\n\t\t\t<div class=\"elementor-column-wrap elementor-element-populated\">\n\t\t\t\t\t\t\t<div class=\"elementor-widget-wrap\">\n\t\t\t\t\t\t<div class=\"elementor-element elementor-element-ebb83bd elementor-widget elementor-widget-text-editor\" data-id=\"ebb83bd\" data-element_type=\"widget\" data-widget_type=\"text-editor.default\">\n\t\t\t\t<div class=\"elementor-widget-container\">\n\t\t\t\t\t\t\t\t<div class=\"elementor-text-editor elementor-clearfix\">\n\t\t\t\t<p>Beim Zweitimpfungstermin waren die meisten der Kinder schon Profis und wussten genau was zu tun ist. So durfte dann nach getaner Arbeit auch genascht werden. F\u00fcr die Kinder hatten wir Gummib\u00e4rchen und Pixi-B\u00fccher mit dem Titel &#8220;Ich habe eine Freundin, die ist Not\u00e4rztin&#8221; dabei, die Kuscheltiere wurden f\u00fcr ihre Tapferkeit mit einem w\u00e4rmenden, selbst gestrickten Schal belohnt.<\/p><p>Von allen Seiten haben wir viel Lob und Donk f\u00fcr unser Engagement bekommen, aber das beste f\u00fcr uns war, nach langer Zeit endlich wieder die strahlenden Kinderaugen zu sehen wenn es hie\u00df: &#8220;Wie, und die bunte Watte ist jetzt in meinem Kuscheltier drin? Wow!&#8221;<\/p>\t\t\t\t\t<\/div>\n\t\t\t\t\t\t<\/div>\n\t\t\t\t<\/div>\n\t\t\t\t\t\t<\/div>\n\t\t\t\t\t<\/div>\n\t\t<\/div>\n\t\t\t\t<div class=\"elementor-column elementor-col-50 elementor-inner-column elementor-element elementor-element-b2ef543\" data-id=\"b2ef543\" data-element_type=\"column\">\n\t\t\t<div class=\"elementor-column-wrap elementor-element-populated\">\n\t\t\t\t\t\t\t<div class=\"elementor-widget-wrap\">\n\t\t\t\t\t\t<div class=\"elementor-element elementor-element-3cd676a elementor-widget elementor-widget-image\" data-id=\"3cd676a\" data-element_type=\"widget\" data-widget_type=\"image.default\">\n\t\t\t\t<div class=\"elementor-widget-container\">\n\t\t\t\t\t\t\t\t<div class=\"elementor-image\">\n\t\t\t\t\t\t\t\t\t\t\t\t<img width=\"768\" height=\"1024\" src=\"https:\/\/www.tbk-goettingen.de\/wp-content\/uploads\/2022\/01\/FYNW1102-768x1024.jpg\" class=\"attachment-medium_large size-medium_large\" alt=\"\" loading=\"lazy\" srcset=\"https:\/\/www.tbk-goettingen.de\/wp-content\/uploads\/2022\/01\/FYNW1102-768x1024.jpg 768w, https:\/\/www.tbk-goettingen.de\/wp-content\/uploads\/2022\/01\/FYNW1102-225x300.jpg 225w, https:\/\/www.tbk-goettingen.de\/wp-content\/uploads\/2022\/01\/FYNW1102-1152x1536.jpg 1152w, https:\/\/www.tbk-goettingen.de\/wp-content\/uploads\/2022\/01\/FYNW1102.jpg 1200w\" sizes=\"(max-width: 768px) 100vw, 768px\" \/>\t\t\t\t\t\t\t\t\t\t\t\t\t\t<\/div>\n\t\t\t\t\t\t<\/div>\n\t\t\t\t<\/div>\n\t\t\t\t\t\t<\/div>\n\t\t\t\t\t<\/div>\n\t\t<\/div>\n\t\t\t\t\t\t\t\t<\/div>\n\t\t\t\t\t<\/div>\n\t\t<\/section>\n\t\t\t\t\t\t<\/div>\n\t\t\t\t\t<\/div>\n\t\t<\/div>\n\t\t\t\t\t\t\t\t<\/div>\n\t\t\t\t\t<\/div>\n\t\t<\/section>\n\t\t\t\t<section class=\"elementor-section elementor-top-section elementor-element elementor-element-5bd46f2a elementor-section-boxed elementor-section-height-default elementor-section-height-default\" data-id=\"5bd46f2a\" data-element_type=\"section\" data-settings=\"{&quot;background_background&quot;:&quot;classic&quot;}\">\n\t\t\t\t\t\t<div class=\"elementor-container elementor-column-gap-extended\">\n\t\t\t\t\t\t\t<div class=\"elementor-row\">\n\t\t\t\t\t<div class=\"elementor-column elementor-col-50 elementor-top-column elementor-element elementor-element-75c63835\" data-id=\"75c63835\" data-element_type=\"column\">\n\t\t\t<div class=\"elementor-column-wrap elementor-element-populated\">\n\t\t\t\t\t\t\t<div class=\"elementor-widget-wrap\">\n\t\t\t\t\t\t<div class=\"elementor-element elementor-element-47529005 elementor-align-left elementor-icon-list--layout-traditional elementor-list-item-link-full_width elementor-widget elementor-widget-icon-list\" data-id=\"47529005\" data-element_type=\"widget\" data-widget_type=\"icon-list.default\">\n\t\t\t\t<div class=\"elementor-widget-container\">\n\t\t\t\t\t<ul class=\"elementor-icon-list-items\">\n\t\t\t\t\t\t\t<li class=\"elementor-icon-list-item\">\n\t\t\t\t\t\t\t\t\t\t\t<a href=\"mailto:info@tbk-goettingen.de\">\n\n\t\t\t\t\t\t\t\t\t\t\t\t<span class=\"elementor-icon-list-icon\">\n\t\t\t\t\t\t\t<i aria-hidden=\"true\" class=\"far fa-envelope\"><\/i>\t\t\t\t\t\t<\/span>\n\t\t\t\t\t\t\t\t\t\t<span class=\"elementor-icon-list-text\">info@tbk-goettingen.de<\/span>\n\t\t\t\t\t\t\t\t\t\t\t<\/a>\n\t\t\t\t\t\t\t\t\t<\/li>\n\t\t\t\t\t\t\t\t<li class=\"elementor-icon-list-item\">\n\t\t\t\t\t\t\t\t\t\t\t<a href=\"https:\/\/instagram.com\/tbk_goettingen\" target=\"_blank\">\n\n\t\t\t\t\t\t\t\t\t\t\t\t<span class=\"elementor-icon-list-icon\">\n\t\t\t\t\t\t\t<i aria-hidden=\"true\" class=\"fab fa-instagram\"><\/i>\t\t\t\t\t\t<\/span>\n\t\t\t\t\t\t\t\t\t\t<span class=\"elementor-icon-list-text\">tbk_goettingen<\/span>\n\t\t\t\t\t\t\t\t\t\t\t<\/a>\n\t\t\t\t\t\t\t\t\t<\/li>\n\t\t\t\t\t\t\t\t<li class=\"elementor-icon-list-item\">\n\t\t\t\t\t\t\t\t\t\t\t<a href=\"https:\/\/www.facebook.com\/teddybaerkrankenhausgoettingen\/#\" target=\"_blank\">\n\n\t\t\t\t\t\t\t\t\t\t\t\t<span class=\"elementor-icon-list-icon\">\n\t\t\t\t\t\t\t<i aria-hidden=\"true\" class=\"fab fa-facebook-square\"><\/i>\t\t\t\t\t\t<\/span>\n\t\t\t\t\t\t\t\t\t\t<span class=\"elementor-icon-list-text\">teddybaerkrankenhausgoettingen<\/span>\n\t\t\t\t\t\t\t\t\t\t\t<\/a>\n\t\t\t\t\t\t\t\t\t<\/li>\n\t\t\t\t\t\t<\/ul>\n\t\t\t\t<\/div>\n\t\t\t\t<\/div>\n\t\t\t\t\t\t<\/div>\n\t\t\t\t\t<\/div>\n\t\t<\/div>\n\t\t\t\t<div class=\"elementor-column elementor-col-50 elementor-top-column elementor-element elementor-element-2ef9c2d4\" data-id=\"2ef9c2d4\" data-element_type=\"column\">\n\t\t\t<div class=\"elementor-column-wrap elementor-element-populated\">\n\t\t\t\t\t\t\t<div class=\"elementor-widget-wrap\">\n\t\t\t\t\t\t<div class=\"elementor-element elementor-element-2a219d64 elementor-widget elementor-widget-text-editor\" data-id=\"2a219d64\" data-element_type=\"widget\" data-widget_type=\"text-editor.default\">\n\t\t\t\t<div class=\"elementor-widget-container\">\n\t\t\t\t\t\t\t\t<div class=\"elementor-text-editor elementor-clearfix\">\n\t\t\t\t<p>Fachschaft Medizin<br \/>Projekt Teddyb\u00e4rkrankenhaus\u00a0<br \/>Go\u00dflerstra\u00dfe 16a\u00a0<br \/>37073 G\u00f6ttingen<\/p>\t\t\t\t\t<\/div>\n\t\t\t\t\t\t<\/div>\n\t\t\t\t<\/div>\n\t\t\t\t\t\t<\/div>\n\t\t\t\t\t<\/div>\n\t\t<\/div>\n\t\t\t\t\t\t\t\t<\/div>\n\t\t\t\t\t<\/div>\n\t\t<\/section>\n\t\t\t\t\t\t<\/div>\n\t\t\t\t\t\t<\/div>\n\t\t\t\t\t<\/div>\n\t\t","protected":false},"excerpt":{"rendered":"<p>Kinder-Impfaktion Zum Jahreswechsel 2021\/2022 haben die Universit\u00e4tsmedizin G\u00f6ttingen (UMG), die Stadt und der Landkreis G\u00f6ttingen eine Impfaktion in der Adolf-Reichwein-Schule im S\u00fcden G\u00f6ttingens organisiert. An zwei Wochenenden wurden knapp 600 Kinder zwischen 5 und 12 Jahren geimpft &#8211; also fast genau unsere Zielgruppe! Man braucht wohl kaum zu erw\u00e4hnen, dass f\u00fcr die Kinder nicht ihre [&hellip;]<\/p>\n","protected":false},"author":1,"featured_media":0,"parent":0,"menu_order":0,"comment_status":"closed","ping_status":"closed","template":"","meta":[],"_links":{"self":[{"href":"https:\/\/www.tbk-goettingen.de\/index.php\/wp-json\/wp\/v2\/pages\/1436"}],"collection":[{"href":"https:\/\/www.tbk-goettingen.de\/index.php\/wp-json\/wp\/v2\/pages"}],"about":[{"href":"https:\/\/www.tbk-goettingen.de\/index.php\/wp-json\/wp\/v2\/types\/page"}],"author":[{"embeddable":true,"href":"https:\/\/www.tbk-goettingen.de\/index.php\/wp-json\/wp\/v2\/users\/1"}],"replies":[{"embeddable":true,"href":"https:\/\/www.tbk-goettingen.de\/index.php\/wp-json\/wp\/v2\/comments?post=1436"}],"version-history":[{"count":29,"href":"https:\/\/www.tbk-goettingen.de\/index.php\/wp-json\/wp\/v2\/pages\/1436\/revisions"}],"predecessor-version":[{"id":2723,"href":"https:\/\/www.tbk-goettingen.de\/index.php\/wp-json\/wp\/v2\/pages\/1436\/revisions\/2723"}],"wp:attachment":[{"href":"https:\/\/www.tbk-goettingen.de\/index.php\/wp-json\/wp\/v2\/media?parent=1436"}],"curies":[{"name":"wp","href":"https:\/\/api.w.org\/{rel}","templated":true}]}}