{"id":1620,"date":"2025-02-09T11:13:28","date_gmt":"2025-02-09T10:13:28","guid":{"rendered":"https:\/\/www.tbk-goettingen.de\/?page_id=1620"},"modified":"2026-03-13T19:32:04","modified_gmt":"2026-03-13T18:32:04","slug":"anmeldung","status":"publish","type":"page","link":"https:\/\/www.tbk-goettingen.de\/index.php\/anmeldung\/","title":{"rendered":"Anmeldung"},"content":{"rendered":"\t\t<div data-elementor-type=\"wp-page\" data-elementor-id=\"1620\" class=\"elementor elementor-1620\" data-elementor-settings=\"[]\">\n\t\t\t\t\t\t<div class=\"elementor-inner\">\n\t\t\t\t\t\t\t<div class=\"elementor-section-wrap\">\n\t\t\t\t\t\t\t<section class=\"elementor-section elementor-top-section elementor-element elementor-element-abfc8f1 elementor-section-full_width elementor-section-height-default elementor-section-height-default\" data-id=\"abfc8f1\" data-element_type=\"section\" data-settings=\"{&quot;background_background&quot;:&quot;classic&quot;}\">\n\t\t\t\t\t\t\t<div class=\"elementor-background-overlay\"><\/div>\n\t\t\t\t\t\t\t<div class=\"elementor-container elementor-column-gap-default\">\n\t\t\t\t\t\t\t<div class=\"elementor-row\">\n\t\t\t\t\t<div class=\"elementor-column elementor-col-100 elementor-top-column elementor-element elementor-element-659f9ff4\" data-id=\"659f9ff4\" data-element_type=\"column\">\n\t\t\t<div class=\"elementor-column-wrap elementor-element-populated\">\n\t\t\t\t\t\t\t<div class=\"elementor-widget-wrap\">\n\t\t\t\t\t\t<div class=\"elementor-element elementor-element-20be5dea elementor-widget elementor-widget-spacer\" data-id=\"20be5dea\" data-element_type=\"widget\" data-widget_type=\"spacer.default\">\n\t\t\t\t<div class=\"elementor-widget-container\">\n\t\t\t\t\t<div class=\"elementor-spacer\">\n\t\t\t<div class=\"elementor-spacer-inner\"><\/div>\n\t\t<\/div>\n\t\t\t\t<\/div>\n\t\t\t\t<\/div>\n\t\t\t\t\t\t<\/div>\n\t\t\t\t\t<\/div>\n\t\t<\/div>\n\t\t\t\t\t\t\t\t<\/div>\n\t\t\t\t\t<\/div>\n\t\t<\/section>\n\t\t\t\t<section class=\"elementor-section elementor-top-section elementor-element elementor-element-21390eb elementor-section-boxed elementor-section-height-default elementor-section-height-default\" data-id=\"21390eb\" data-element_type=\"section\">\n\t\t\t\t\t\t<div class=\"elementor-container elementor-column-gap-default\">\n\t\t\t\t\t\t\t<div class=\"elementor-row\">\n\t\t\t\t\t<div class=\"elementor-column elementor-col-100 elementor-top-column elementor-element elementor-element-090594d\" data-id=\"090594d\" data-element_type=\"column\">\n\t\t\t<div class=\"elementor-column-wrap elementor-element-populated\">\n\t\t\t\t\t\t\t<div class=\"elementor-widget-wrap\">\n\t\t\t\t\t\t<div class=\"elementor-element elementor-element-dfe7354 elementor-widget elementor-widget-heading\" data-id=\"dfe7354\" data-element_type=\"widget\" data-widget_type=\"heading.default\">\n\t\t\t\t<div class=\"elementor-widget-container\">\n\t\t\t<h2 class=\"elementor-heading-title elementor-size-default\">Anmeldung f\u00fcr Kinderg\u00e4rten<\/h2>\t\t<\/div>\n\t\t\t\t<\/div>\n\t\t\t\t<div class=\"elementor-element elementor-element-5bd9256 elementor-widget elementor-widget-heading\" data-id=\"5bd9256\" data-element_type=\"widget\" data-widget_type=\"heading.default\">\n\t\t\t\t<div class=\"elementor-widget-container\">\n\t\t\t<h2 class=\"elementor-heading-title elementor-size-default\">ab 20. April um 10 Uhr m\u00f6glich<\/h2>\t\t<\/div>\n\t\t\t\t<\/div>\n\t\t\t\t<section class=\"elementor-section elementor-inner-section elementor-element elementor-element-1d34248 elementor-section-boxed elementor-section-height-default elementor-section-height-default\" data-id=\"1d34248\" data-element_type=\"section\">\n\t\t\t\t\t\t<div class=\"elementor-container elementor-column-gap-default\">\n\t\t\t\t\t\t\t<div class=\"elementor-row\">\n\t\t\t\t\t<div class=\"elementor-column elementor-col-50 elementor-inner-column elementor-element elementor-element-341aa75\" data-id=\"341aa75\" data-element_type=\"column\">\n\t\t\t<div class=\"elementor-column-wrap elementor-element-populated\">\n\t\t\t\t\t\t\t<div class=\"elementor-widget-wrap\">\n\t\t\t\t\t\t<div class=\"elementor-element elementor-element-630741f elementor-widget elementor-widget-heading\" data-id=\"630741f\" data-element_type=\"widget\" data-widget_type=\"heading.default\">\n\t\t\t\t<div class=\"elementor-widget-container\">\n\t\t\t<h2 class=\"elementor-heading-title elementor-size-default\">1. bis 4. Juni 2026<\/h2>\t\t<\/div>\n\t\t\t\t<\/div>\n\t\t\t\t<div class=\"elementor-element elementor-element-29687a7 elementor-widget elementor-widget-text-editor\" data-id=\"29687a7\" data-element_type=\"widget\" data-widget_type=\"text-editor.default\">\n\t\t\t\t<div class=\"elementor-widget-container\">\n\t\t\t\t\t\t\t\t<div class=\"elementor-text-editor elementor-clearfix\">\n\t\t\t\t<p>Nach sorgf\u00e4ltiger Planung und Vorbereitung freuen wir uns, euch vom 1. bis 4. Juni 2024 endlich wieder zum gro\u00dfen Teddyb\u00e4rkrankenhaus begr\u00fc\u00dfen zu d\u00fcrfen!<\/p>\n<p>Das Teddyb\u00e4rkrankenhaus findet auch dieses Jahr <b>in der Osthalle der UMG<\/b> statt. Wir freuen uns auf euch!<\/p>\n<p>Bei Problemen oder Fragen zur Buchung z\u00f6gert nicht, uns per Mail an <a href=\"mailto:anmeldung@tbk-goettingen.de\">anmeldung@tbk-goettingen.de<\/a> oder \u00fcber Social Media zu kontaktieren!<\/p>\n<p>Bitte beachtet, dass die <strong>Anmeldung am 20. April um 10 Uhr freigeschaltet<\/strong> wird. Erst dann werdet ihr im untenstehenden Formular Auswahlm\u00f6glichkeiten haben.<\/p>\n<p>P.S.: Am Vormittag des 1. Juni 2026 bieten wir einen separaten Pressetag an, damit das nicht den regul\u00e4ren Ablauf st\u00f6rt. Wenn ihr euch vorstellen k\u00f6nnt, daran teilzunehmen, gebt das bei der Anmeldung bitte an, dann melden wir uns mit Details bei euch. Der Vorteil f\u00fcr euch w\u00e4re, dass ihr euren Zeitslot flexibel aussuchen d\u00fcrft und dann die einzige Gruppe seid, keine Wartezeiten entstehen und wir uns f\u00fcr jedes einzelne Kuscheltier ganz besonders viel Zeit nehmen k\u00f6nnen. Wir br\u00e4uchten jedoch eine Einverst\u00e4ndniserkl\u00e4rung f\u00fcr Foto- und Videoaufnahmen der Eltern aller Kinder in eurer Gruppe.<\/p>\n<p><\/p>\t\t\t\t\t<\/div>\n\t\t\t\t\t\t<\/div>\n\t\t\t\t<\/div>\n\t\t\t\t\t\t<\/div>\n\t\t\t\t\t<\/div>\n\t\t<\/div>\n\t\t\t\t<div class=\"elementor-column elementor-col-50 elementor-inner-column elementor-element elementor-element-5b4f211\" data-id=\"5b4f211\" data-element_type=\"column\">\n\t\t\t<div class=\"elementor-column-wrap elementor-element-populated\">\n\t\t\t\t\t\t\t<div class=\"elementor-widget-wrap\">\n\t\t\t\t\t\t<div class=\"elementor-element elementor-element-18d1739 elementor-widget elementor-widget-heading\" data-id=\"18d1739\" data-element_type=\"widget\" data-widget_type=\"heading.default\">\n\t\t\t\t<div class=\"elementor-widget-container\">\n\t\t\t<h2 class=\"elementor-heading-title elementor-size-default\">Anmelderegeln<\/h2>\t\t<\/div>\n\t\t\t\t<\/div>\n\t\t\t\t<div class=\"elementor-element elementor-element-fc34b8e elementor-widget elementor-widget-text-editor\" data-id=\"fc34b8e\" data-element_type=\"widget\" data-widget_type=\"text-editor.default\">\n\t\t\t\t<div class=\"elementor-widget-container\">\n\t\t\t\t\t\t\t\t<div class=\"elementor-text-editor elementor-clearfix\">\n\t\t\t\t<p>\u00dcber das untenstehende Formular k\u00f6nnt ihr als Kindergarten eure Gruppen f\u00fcr das Teddyb\u00e4rkrankenhaus 2026 anmelden.<\/p>\n<p>Bitte beachtet dabei folgende Regeln:<\/p>\n<p>1. Auch Privatpersonen mit Kindern k\u00f6nnen wie gewohnt unabh\u00e4ngig vom Kindergarten das Teddyb\u00e4rkrankenhaus besuchen. Bitte meldet euch daf\u00fcr <u>nicht<\/u> \u00fcber dieses Formular an, sondern kommt einfach vorbei! F\u00fcr euch ist die Zeit zwischen 15:00 &#8211; 17:30 Uhr reserviert, dieses Jahr sind wir sogar an vier Nachmittagen f\u00fcr euch da. 17:30 schlie\u00dft die Anmeldung. Es werden alle Kuscheltiere noch versorgt!<\/p>\n<p>2. Wir k\u00f6nnen maximal 20 Kinder und Kuscheltiere je Zeitslot versorgen. Falls ihr also mehr als 20 Kinder in eurer Gruppe habt, bucht bitte mehrere Zeitslots, am besten zusammenh\u00e4ngend. (Beispiel: Ihr seid 25 Kinder. Also bucht ihr einmal 20 Pl\u00e4tze und einmal 5 Pl\u00e4tze.)<\/p>\n<p>3. Die Zeitslots sind 20 Minuten lang, das hei\u00dft aber nicht, dass ihr nur 20 Minuten bei uns sein d\u00fcrft. Ihr bleibt solange, bis jedes Kind und jedes Kuscheltier versorgt und zufrieden ist! Je nach Gruppengr\u00f6\u00dfe sind die meisten zwischen 45 und 90 Minuten bei uns.<\/p>\n<p>4. Wenn ihr keinen passenden Zeitslot mehr findet, verzweifelt nicht gleich! Schreibt uns eine E-Mail an<a href=\"mailto:tbk-goe.termine@gmx.de\" rel=\"noopener\">&nbsp;<\/a><a style=\"font-variant-ligatures: normal; font-variant-caps: normal; font-family: Quicksand, sans-serif; font-size: 14px; font-style: normal; font-weight: 400; background-color: #ffffff; transition-property: all;\" href=\"mailto:anmeldung@tbk-goettingen.de\">anmeldung@tbk-goettingen.de<\/a>, wann ihr k\u00f6nnt und wir sehen, was wir f\u00fcr euch tun k\u00f6nnen.<\/p>\n<p><\/p>\t\t\t\t\t<\/div>\n\t\t\t\t\t\t<\/div>\n\t\t\t\t<\/div>\n\t\t\t\t\t\t<\/div>\n\t\t\t\t\t<\/div>\n\t\t<\/div>\n\t\t\t\t\t\t\t\t<\/div>\n\t\t\t\t\t<\/div>\n\t\t<\/section>\n\t\t\t\t\t\t<\/div>\n\t\t\t\t\t<\/div>\n\t\t<\/div>\n\t\t\t\t\t\t\t\t<\/div>\n\t\t\t\t\t<\/div>\n\t\t<\/section>\n\t\t\t\t<section class=\"elementor-section elementor-top-section elementor-element elementor-element-c5ddd0e elementor-section-full_width elementor-section-height-default elementor-section-height-default\" data-id=\"c5ddd0e\" data-element_type=\"section\">\n\t\t\t\t\t\t<div class=\"elementor-container elementor-column-gap-default\">\n\t\t\t\t\t\t\t<div class=\"elementor-row\">\n\t\t\t\t\t<div class=\"elementor-column elementor-col-100 elementor-top-column elementor-element elementor-element-3eb5a5a\" data-id=\"3eb5a5a\" data-element_type=\"column\">\n\t\t\t<div class=\"elementor-column-wrap elementor-element-populated\">\n\t\t\t\t\t\t\t<div class=\"elementor-widget-wrap\">\n\t\t\t\t\t\t<div class=\"elementor-element elementor-element-c6c9780 elementor-widget elementor-widget-html\" data-id=\"c6c9780\" data-element_type=\"widget\" data-widget_type=\"html.default\">\n\t\t\t\t<div class=\"elementor-widget-container\">\n\t\t\t<!-- Calendly Inline-Widget Beginn -->\n<div class=\"calendly-inline-widget\" data-url=\"https:\/\/calendly.com\/tbk-goettingen\" style=\"min-width:320px;height:630px;\"><\/div>\n<script type=\"text\/javascript\" src=\"https:\/\/assets.calendly.com\/assets\/external\/widget.js\" async><\/script>\n<!-- Calendly Inline-Widget Ende -->\t\t<\/div>\n\t\t\t\t<\/div>\n\t\t\t\t\t\t<\/div>\n\t\t\t\t\t<\/div>\n\t\t<\/div>\n\t\t\t\t\t\t\t\t<\/div>\n\t\t\t\t\t<\/div>\n\t\t<\/section>\n\t\t\t\t<section class=\"elementor-section elementor-top-section elementor-element elementor-element-6d370c9d elementor-section-boxed elementor-section-height-default elementor-section-height-default\" data-id=\"6d370c9d\" data-element_type=\"section\" data-settings=\"{&quot;background_background&quot;:&quot;classic&quot;}\">\n\t\t\t\t\t\t<div class=\"elementor-container elementor-column-gap-extended\">\n\t\t\t\t\t\t\t<div class=\"elementor-row\">\n\t\t\t\t\t<div class=\"elementor-column elementor-col-50 elementor-top-column elementor-element elementor-element-7655e790\" data-id=\"7655e790\" data-element_type=\"column\">\n\t\t\t<div class=\"elementor-column-wrap elementor-element-populated\">\n\t\t\t\t\t\t\t<div class=\"elementor-widget-wrap\">\n\t\t\t\t\t\t<div class=\"elementor-element elementor-element-11006d3a elementor-align-left elementor-icon-list--layout-traditional elementor-list-item-link-full_width elementor-widget elementor-widget-icon-list\" data-id=\"11006d3a\" data-element_type=\"widget\" data-widget_type=\"icon-list.default\">\n\t\t\t\t<div class=\"elementor-widget-container\">\n\t\t\t\t\t<ul class=\"elementor-icon-list-items\">\n\t\t\t\t\t\t\t<li class=\"elementor-icon-list-item\">\n\t\t\t\t\t\t\t\t\t\t\t<a href=\"mailto:info@tbk-goettingen.de\">\n\n\t\t\t\t\t\t\t\t\t\t\t\t<span class=\"elementor-icon-list-icon\">\n\t\t\t\t\t\t\t<i aria-hidden=\"true\" class=\"far fa-envelope\"><\/i>\t\t\t\t\t\t<\/span>\n\t\t\t\t\t\t\t\t\t\t<span class=\"elementor-icon-list-text\">info@tbk-goettingen.de<\/span>\n\t\t\t\t\t\t\t\t\t\t\t<\/a>\n\t\t\t\t\t\t\t\t\t<\/li>\n\t\t\t\t\t\t\t\t<li class=\"elementor-icon-list-item\">\n\t\t\t\t\t\t\t\t\t\t\t<a href=\"https:\/\/instagram.com\/tbk_goettingen\" target=\"_blank\">\n\n\t\t\t\t\t\t\t\t\t\t\t\t<span class=\"elementor-icon-list-icon\">\n\t\t\t\t\t\t\t<i aria-hidden=\"true\" class=\"fab fa-instagram\"><\/i>\t\t\t\t\t\t<\/span>\n\t\t\t\t\t\t\t\t\t\t<span class=\"elementor-icon-list-text\">tbk_goettingen<\/span>\n\t\t\t\t\t\t\t\t\t\t\t<\/a>\n\t\t\t\t\t\t\t\t\t<\/li>\n\t\t\t\t\t\t\t\t<li class=\"elementor-icon-list-item\">\n\t\t\t\t\t\t\t\t\t\t\t<a href=\"https:\/\/www.facebook.com\/teddybaerkrankenhausgoettingen\/#\" target=\"_blank\">\n\n\t\t\t\t\t\t\t\t\t\t\t\t<span class=\"elementor-icon-list-icon\">\n\t\t\t\t\t\t\t<i aria-hidden=\"true\" class=\"fab fa-facebook-square\"><\/i>\t\t\t\t\t\t<\/span>\n\t\t\t\t\t\t\t\t\t\t<span class=\"elementor-icon-list-text\">teddybaerkrankenhausgoettingen<\/span>\n\t\t\t\t\t\t\t\t\t\t\t<\/a>\n\t\t\t\t\t\t\t\t\t<\/li>\n\t\t\t\t\t\t<\/ul>\n\t\t\t\t<\/div>\n\t\t\t\t<\/div>\n\t\t\t\t\t\t<\/div>\n\t\t\t\t\t<\/div>\n\t\t<\/div>\n\t\t\t\t<div class=\"elementor-column elementor-col-50 elementor-top-column elementor-element elementor-element-3ead2330\" data-id=\"3ead2330\" data-element_type=\"column\">\n\t\t\t<div class=\"elementor-column-wrap elementor-element-populated\">\n\t\t\t\t\t\t\t<div class=\"elementor-widget-wrap\">\n\t\t\t\t\t\t<div class=\"elementor-element elementor-element-7ff775ff elementor-widget elementor-widget-text-editor\" data-id=\"7ff775ff\" data-element_type=\"widget\" data-widget_type=\"text-editor.default\">\n\t\t\t\t<div class=\"elementor-widget-container\">\n\t\t\t\t\t\t\t\t<div class=\"elementor-text-editor elementor-clearfix\">\n\t\t\t\t<p>Fachschaft Medizin<br \/>Projekt Teddyb\u00e4rkrankenhaus\u00a0<br \/>Go\u00dflerstra\u00dfe 16a\u00a0<br \/>37073 G\u00f6ttingen<\/p>\t\t\t\t\t<\/div>\n\t\t\t\t\t\t<\/div>\n\t\t\t\t<\/div>\n\t\t\t\t\t\t<\/div>\n\t\t\t\t\t<\/div>\n\t\t<\/div>\n\t\t\t\t\t\t\t\t<\/div>\n\t\t\t\t\t<\/div>\n\t\t<\/section>\n\t\t\t\t\t\t<\/div>\n\t\t\t\t\t\t<\/div>\n\t\t\t\t\t<\/div>\n\t\t","protected":false},"excerpt":{"rendered":"<p>Anmeldung f\u00fcr Kinderg\u00e4rten ab 20. April um 10 Uhr m\u00f6glich 1. bis 4. Juni 2026 Nach sorgf\u00e4ltiger Planung und Vorbereitung freuen wir uns, euch vom 1. bis 4. Juni 2024 endlich wieder zum gro\u00dfen Teddyb\u00e4rkrankenhaus begr\u00fc\u00dfen zu d\u00fcrfen! Das Teddyb\u00e4rkrankenhaus findet auch dieses Jahr in der Osthalle der UMG statt. Wir freuen uns auf euch! [&hellip;]<\/p>\n","protected":false},"author":1,"featured_media":0,"parent":0,"menu_order":0,"comment_status":"closed","ping_status":"closed","template":"","meta":[],"_links":{"self":[{"href":"https:\/\/www.tbk-goettingen.de\/index.php\/wp-json\/wp\/v2\/pages\/1620"}],"collection":[{"href":"https:\/\/www.tbk-goettingen.de\/index.php\/wp-json\/wp\/v2\/pages"}],"about":[{"href":"https:\/\/www.tbk-goettingen.de\/index.php\/wp-json\/wp\/v2\/types\/page"}],"author":[{"embeddable":true,"href":"https:\/\/www.tbk-goettingen.de\/index.php\/wp-json\/wp\/v2\/users\/1"}],"replies":[{"embeddable":true,"href":"https:\/\/www.tbk-goettingen.de\/index.php\/wp-json\/wp\/v2\/comments?post=1620"}],"version-history":[{"count":118,"href":"https:\/\/www.tbk-goettingen.de\/index.php\/wp-json\/wp\/v2\/pages\/1620\/revisions"}],"predecessor-version":[{"id":3050,"href":"https:\/\/www.tbk-goettingen.de\/index.php\/wp-json\/wp\/v2\/pages\/1620\/revisions\/3050"}],"wp:attachment":[{"href":"https:\/\/www.tbk-goettingen.de\/index.php\/wp-json\/wp\/v2\/media?parent=1620"}],"curies":[{"name":"wp","href":"https:\/\/api.w.org\/{rel}","templated":true}]}}