{"id":2777,"date":"2024-11-14T15:38:16","date_gmt":"2024-11-14T14:38:16","guid":{"rendered":"https:\/\/www.tbk-goettingen.de\/?page_id=2777"},"modified":"2024-11-20T14:32:21","modified_gmt":"2024-11-20T13:32:21","slug":"tbk-kongress-2024","status":"publish","type":"page","link":"https:\/\/www.tbk-goettingen.de\/index.php\/tbk-kongress-2024\/","title":{"rendered":"TBK Kongress 2024"},"content":{"rendered":"\t\t<div data-elementor-type=\"wp-page\" data-elementor-id=\"2777\" class=\"elementor elementor-2777\" data-elementor-settings=\"[]\">\n\t\t\t\t\t\t<div class=\"elementor-inner\">\n\t\t\t\t\t\t\t<div class=\"elementor-section-wrap\">\n\t\t\t\t\t\t\t<section class=\"elementor-section elementor-top-section elementor-element elementor-element-a7ea283 elementor-section-full_width elementor-section-height-min-height elementor-section-height-default elementor-section-items-middle\" data-id=\"a7ea283\" data-element_type=\"section\" data-settings=\"{&quot;background_background&quot;:&quot;classic&quot;}\">\n\t\t\t\t\t\t\t<div class=\"elementor-background-overlay\"><\/div>\n\t\t\t\t\t\t\t<div class=\"elementor-container elementor-column-gap-default\">\n\t\t\t\t\t\t\t<div class=\"elementor-row\">\n\t\t\t\t\t<div class=\"elementor-column elementor-col-100 elementor-top-column elementor-element elementor-element-8054405\" data-id=\"8054405\" data-element_type=\"column\">\n\t\t\t<div class=\"elementor-column-wrap\">\n\t\t\t\t\t\t\t<div class=\"elementor-widget-wrap\">\n\t\t\t\t\t\t\t\t<\/div>\n\t\t\t\t\t<\/div>\n\t\t<\/div>\n\t\t\t\t\t\t\t\t<\/div>\n\t\t\t\t\t<\/div>\n\t\t<\/section>\n\t\t\t\t<section class=\"elementor-section elementor-top-section elementor-element elementor-element-1658fcb elementor-section-boxed elementor-section-height-default elementor-section-height-default\" data-id=\"1658fcb\" data-element_type=\"section\">\n\t\t\t\t\t\t<div class=\"elementor-container elementor-column-gap-default\">\n\t\t\t\t\t\t\t<div class=\"elementor-row\">\n\t\t\t\t\t<div class=\"elementor-column elementor-col-100 elementor-top-column elementor-element elementor-element-5163d4b\" data-id=\"5163d4b\" data-element_type=\"column\">\n\t\t\t<div class=\"elementor-column-wrap elementor-element-populated\">\n\t\t\t\t\t\t\t<div class=\"elementor-widget-wrap\">\n\t\t\t\t\t\t<div class=\"elementor-element elementor-element-94f24f9 elementor-widget elementor-widget-heading\" data-id=\"94f24f9\" data-element_type=\"widget\" data-widget_type=\"heading.default\">\n\t\t\t\t<div class=\"elementor-widget-container\">\n\t\t\t<h2 class=\"elementor-heading-title elementor-size-default\">TBK Kongress 2024<\/h2>\t\t<\/div>\n\t\t\t\t<\/div>\n\t\t\t\t<section class=\"elementor-section elementor-inner-section elementor-element elementor-element-205296a elementor-section-boxed elementor-section-height-default elementor-section-height-default\" data-id=\"205296a\" data-element_type=\"section\">\n\t\t\t\t\t\t<div class=\"elementor-container elementor-column-gap-default\">\n\t\t\t\t\t\t\t<div class=\"elementor-row\">\n\t\t\t\t\t<div class=\"elementor-column elementor-col-50 elementor-inner-column elementor-element elementor-element-b668536\" data-id=\"b668536\" data-element_type=\"column\">\n\t\t\t<div class=\"elementor-column-wrap elementor-element-populated\">\n\t\t\t\t\t\t\t<div class=\"elementor-widget-wrap\">\n\t\t\t\t\t\t<div class=\"elementor-element elementor-element-2baeb6b elementor-widget elementor-widget-text-editor\" data-id=\"2baeb6b\" data-element_type=\"widget\" data-widget_type=\"text-editor.default\">\n\t\t\t\t<div class=\"elementor-widget-container\">\n\t\t\t\t\t\t\t\t<div class=\"elementor-text-editor elementor-clearfix\">\n\t\t\t\t<p>Am Wochenende vom 08.-10.11.2024 waren 6 Orga-Mitglieder unseres Teddyb\u00e4rkrankenhauses auf dem diesj\u00e4hrigen TBK-Kongress in T\u00fcbingen. Nach einer langen Anreise hatten wir am Freitag Abend direkt Zeit in den ersten Austausch mit den anderen Teilnehmern der vielen Standorte zu kommen. Am Samstag Vormittag haben wir dann an Seminaren zu verschiedenen Schwerpunkten des TBKs teilgenommen, in denen wir einen Einblick in die Arbeit der anderen TBKs erhalten haben und Inspirationen und Ideen f\u00fcr unsere eigenen Stationen sammeln konnten. Nach einem ausgiebigen Mittagessen ging es am Nachmittag weiter mit verschiedenen Seminaren zu medizinisch relevanten Themen. Unterbrochen wurde dies nur durch eine Kaffeepause mit einer gro\u00dfen Auswahl an verschiedenen Kuchen. Insgesamt hatten wir viel Zeit mit den anderen Standorten in einen regen Austausch zu kommen!<\/p><div>So sind wir nach einem spannenden Wochenende mit vielen neuen Ideen wieder in G\u00f6ttingen angekommen und freuen uns, diese nun in unserem TBK umzusetzen.<br \/>Wir danken dem TBK T\u00fcbingen f\u00fcr die Gastfreundschaft und die gelungene\u00a0Organisation!<\/div>\t\t\t\t\t<\/div>\n\t\t\t\t\t\t<\/div>\n\t\t\t\t<\/div>\n\t\t\t\t\t\t<\/div>\n\t\t\t\t\t<\/div>\n\t\t<\/div>\n\t\t\t\t<div class=\"elementor-column elementor-col-50 elementor-inner-column elementor-element elementor-element-25f8a64\" data-id=\"25f8a64\" data-element_type=\"column\">\n\t\t\t<div class=\"elementor-column-wrap elementor-element-populated\">\n\t\t\t\t\t\t\t<div class=\"elementor-widget-wrap\">\n\t\t\t\t\t\t<div class=\"elementor-element elementor-element-0d00ad3 elementor-widget elementor-widget-image\" data-id=\"0d00ad3\" data-element_type=\"widget\" data-widget_type=\"image.default\">\n\t\t\t\t<div class=\"elementor-widget-container\">\n\t\t\t\t\t\t\t\t<div class=\"elementor-image\">\n\t\t\t\t\t\t\t\t\t\t\t\t<img width=\"768\" height=\"576\" src=\"https:\/\/www.tbk-goettingen.de\/wp-content\/uploads\/2024\/11\/WhatsApp-Bild-2024-11-14-um-15.51.54_e81e8c9a-768x576.jpg\" class=\"attachment-medium_large size-medium_large\" alt=\"\" loading=\"lazy\" srcset=\"https:\/\/www.tbk-goettingen.de\/wp-content\/uploads\/2024\/11\/WhatsApp-Bild-2024-11-14-um-15.51.54_e81e8c9a-768x576.jpg 768w, https:\/\/www.tbk-goettingen.de\/wp-content\/uploads\/2024\/11\/WhatsApp-Bild-2024-11-14-um-15.51.54_e81e8c9a-300x225.jpg 300w, https:\/\/www.tbk-goettingen.de\/wp-content\/uploads\/2024\/11\/WhatsApp-Bild-2024-11-14-um-15.51.54_e81e8c9a-1024x768.jpg 1024w, https:\/\/www.tbk-goettingen.de\/wp-content\/uploads\/2024\/11\/WhatsApp-Bild-2024-11-14-um-15.51.54_e81e8c9a-1536x1152.jpg 1536w, https:\/\/www.tbk-goettingen.de\/wp-content\/uploads\/2024\/11\/WhatsApp-Bild-2024-11-14-um-15.51.54_e81e8c9a.jpg 1600w\" sizes=\"(max-width: 768px) 100vw, 768px\" \/>\t\t\t\t\t\t\t\t\t\t\t\t\t\t<\/div>\n\t\t\t\t\t\t<\/div>\n\t\t\t\t<\/div>\n\t\t\t\t<div class=\"elementor-element elementor-element-9f057f0 elementor-widget elementor-widget-image\" data-id=\"9f057f0\" data-element_type=\"widget\" data-widget_type=\"image.default\">\n\t\t\t\t<div class=\"elementor-widget-container\">\n\t\t\t\t\t\t\t\t<div class=\"elementor-image\">\n\t\t\t\t\t\t\t\t\t\t\t\t<img width=\"768\" height=\"768\" src=\"https:\/\/www.tbk-goettingen.de\/wp-content\/uploads\/2024\/11\/WhatsApp-Bild-2024-11-14-um-15.51.32_9b082975-768x768.jpg\" class=\"attachment-medium_large size-medium_large\" alt=\"\" loading=\"lazy\" srcset=\"https:\/\/www.tbk-goettingen.de\/wp-content\/uploads\/2024\/11\/WhatsApp-Bild-2024-11-14-um-15.51.32_9b082975-768x768.jpg 768w, https:\/\/www.tbk-goettingen.de\/wp-content\/uploads\/2024\/11\/WhatsApp-Bild-2024-11-14-um-15.51.32_9b082975-300x300.jpg 300w, https:\/\/www.tbk-goettingen.de\/wp-content\/uploads\/2024\/11\/WhatsApp-Bild-2024-11-14-um-15.51.32_9b082975-1024x1024.jpg 1024w, https:\/\/www.tbk-goettingen.de\/wp-content\/uploads\/2024\/11\/WhatsApp-Bild-2024-11-14-um-15.51.32_9b082975-150x150.jpg 150w, https:\/\/www.tbk-goettingen.de\/wp-content\/uploads\/2024\/11\/WhatsApp-Bild-2024-11-14-um-15.51.32_9b082975-1536x1536.jpg 1536w, https:\/\/www.tbk-goettingen.de\/wp-content\/uploads\/2024\/11\/WhatsApp-Bild-2024-11-14-um-15.51.32_9b082975.jpg 1600w\" sizes=\"(max-width: 768px) 100vw, 768px\" \/>\t\t\t\t\t\t\t\t\t\t\t\t\t\t<\/div>\n\t\t\t\t\t\t<\/div>\n\t\t\t\t<\/div>\n\t\t\t\t\t\t<\/div>\n\t\t\t\t\t<\/div>\n\t\t<\/div>\n\t\t\t\t\t\t\t\t<\/div>\n\t\t\t\t\t<\/div>\n\t\t<\/section>\n\t\t\t\t<section class=\"elementor-section elementor-inner-section elementor-element elementor-element-05811a4 elementor-reverse-mobile elementor-section-boxed elementor-section-height-default elementor-section-height-default\" data-id=\"05811a4\" data-element_type=\"section\">\n\t\t\t\t\t\t<div class=\"elementor-container elementor-column-gap-default\">\n\t\t\t\t\t\t\t<div class=\"elementor-row\">\n\t\t\t\t\t<div class=\"elementor-column elementor-col-50 elementor-inner-column elementor-element elementor-element-50708fb\" data-id=\"50708fb\" data-element_type=\"column\">\n\t\t\t<div class=\"elementor-column-wrap elementor-element-populated\">\n\t\t\t\t\t\t\t<div class=\"elementor-widget-wrap\">\n\t\t\t\t\t\t<div class=\"elementor-element elementor-element-24fdb05 elementor-widget elementor-widget-image\" data-id=\"24fdb05\" data-element_type=\"widget\" data-widget_type=\"image.default\">\n\t\t\t\t<div class=\"elementor-widget-container\">\n\t\t\t\t\t\t\t\t<div class=\"elementor-image\">\n\t\t\t\t\t\t\t\t\t\t\t\t<img width=\"768\" height=\"1024\" src=\"https:\/\/www.tbk-goettingen.de\/wp-content\/uploads\/2024\/11\/WhatsApp-Bild-2024-11-14-um-15.51.53_0060b06e-768x1024.jpg\" class=\"attachment-medium_large size-medium_large\" alt=\"\" loading=\"lazy\" srcset=\"https:\/\/www.tbk-goettingen.de\/wp-content\/uploads\/2024\/11\/WhatsApp-Bild-2024-11-14-um-15.51.53_0060b06e-768x1024.jpg 768w, https:\/\/www.tbk-goettingen.de\/wp-content\/uploads\/2024\/11\/WhatsApp-Bild-2024-11-14-um-15.51.53_0060b06e-225x300.jpg 225w, https:\/\/www.tbk-goettingen.de\/wp-content\/uploads\/2024\/11\/WhatsApp-Bild-2024-11-14-um-15.51.53_0060b06e-1152x1536.jpg 1152w, https:\/\/www.tbk-goettingen.de\/wp-content\/uploads\/2024\/11\/WhatsApp-Bild-2024-11-14-um-15.51.53_0060b06e.jpg 1200w\" sizes=\"(max-width: 768px) 100vw, 768px\" \/>\t\t\t\t\t\t\t\t\t\t\t\t\t\t<\/div>\n\t\t\t\t\t\t<\/div>\n\t\t\t\t<\/div>\n\t\t\t\t\t\t<\/div>\n\t\t\t\t\t<\/div>\n\t\t<\/div>\n\t\t\t\t<div class=\"elementor-column elementor-col-50 elementor-inner-column elementor-element elementor-element-aae9da2\" data-id=\"aae9da2\" data-element_type=\"column\">\n\t\t\t<div class=\"elementor-column-wrap elementor-element-populated\">\n\t\t\t\t\t\t\t<div class=\"elementor-widget-wrap\">\n\t\t\t\t\t\t<div class=\"elementor-element elementor-element-b695298 elementor-widget elementor-widget-text-editor\" data-id=\"b695298\" data-element_type=\"widget\" data-widget_type=\"text-editor.default\">\n\t\t\t\t<div class=\"elementor-widget-container\">\n\t\t\t\t\t\t\t\t<div class=\"elementor-text-editor elementor-clearfix\">\n\t\t\t\t<p>Seit 2015 gibt es den Teddyb\u00e4rkrankenhaus-Kongress, um Vernetzung, aber \nauch Fort- und Weiterbildung f\u00fcr die Orga-Teams der TBKs in Deutschland,\n \u00d6sterreich und der Schweiz zu erm\u00f6glichen. Dabei k\u00f6nnen die Teams von- \nund miteinander lernen, Ideen austauschen und sich neue Ziele setzen, um\n das Teddyb\u00e4rkrankenhaus als Projekt kontinuierlich weiterzuentwickeln. \nDer Ausrichtungsort wechselt j\u00e4hrlich und in diesem Jahr wurden wir nach\n T\u00fcbingen in S\u00fcddeutschland eingeladen.<\/p>\t\t\t\t\t<\/div>\n\t\t\t\t\t\t<\/div>\n\t\t\t\t<\/div>\n\t\t\t\t\t\t<\/div>\n\t\t\t\t\t<\/div>\n\t\t<\/div>\n\t\t\t\t\t\t\t\t<\/div>\n\t\t\t\t\t<\/div>\n\t\t<\/section>\n\t\t\t\t\t\t<\/div>\n\t\t\t\t\t<\/div>\n\t\t<\/div>\n\t\t\t\t\t\t\t\t<\/div>\n\t\t\t\t\t<\/div>\n\t\t<\/section>\n\t\t\t\t<section class=\"elementor-section elementor-top-section elementor-element elementor-element-e27e578 elementor-section-boxed elementor-section-height-default elementor-section-height-default\" data-id=\"e27e578\" data-element_type=\"section\" data-settings=\"{&quot;background_background&quot;:&quot;classic&quot;}\">\n\t\t\t\t\t\t<div class=\"elementor-container elementor-column-gap-extended\">\n\t\t\t\t\t\t\t<div class=\"elementor-row\">\n\t\t\t\t\t<div class=\"elementor-column elementor-col-50 elementor-top-column elementor-element elementor-element-042f07c\" data-id=\"042f07c\" data-element_type=\"column\">\n\t\t\t<div class=\"elementor-column-wrap elementor-element-populated\">\n\t\t\t\t\t\t\t<div class=\"elementor-widget-wrap\">\n\t\t\t\t\t\t<div class=\"elementor-element elementor-element-e497caf elementor-align-left elementor-icon-list--layout-traditional elementor-list-item-link-full_width elementor-widget elementor-widget-icon-list\" data-id=\"e497caf\" data-element_type=\"widget\" data-widget_type=\"icon-list.default\">\n\t\t\t\t<div class=\"elementor-widget-container\">\n\t\t\t\t\t<ul class=\"elementor-icon-list-items\">\n\t\t\t\t\t\t\t<li class=\"elementor-icon-list-item\">\n\t\t\t\t\t\t\t\t\t\t\t<a href=\"mailto:info@tbk-goettingen.de\">\n\n\t\t\t\t\t\t\t\t\t\t\t\t<span class=\"elementor-icon-list-icon\">\n\t\t\t\t\t\t\t<i aria-hidden=\"true\" class=\"far fa-envelope\"><\/i>\t\t\t\t\t\t<\/span>\n\t\t\t\t\t\t\t\t\t\t<span class=\"elementor-icon-list-text\">info@tbk-goettingen.de<\/span>\n\t\t\t\t\t\t\t\t\t\t\t<\/a>\n\t\t\t\t\t\t\t\t\t<\/li>\n\t\t\t\t\t\t\t\t<li class=\"elementor-icon-list-item\">\n\t\t\t\t\t\t\t\t\t\t\t<a href=\"https:\/\/instagram.com\/tbk_goettingen\" target=\"_blank\">\n\n\t\t\t\t\t\t\t\t\t\t\t\t<span class=\"elementor-icon-list-icon\">\n\t\t\t\t\t\t\t<i aria-hidden=\"true\" class=\"fab fa-instagram\"><\/i>\t\t\t\t\t\t<\/span>\n\t\t\t\t\t\t\t\t\t\t<span class=\"elementor-icon-list-text\">tbk_goettingen<\/span>\n\t\t\t\t\t\t\t\t\t\t\t<\/a>\n\t\t\t\t\t\t\t\t\t<\/li>\n\t\t\t\t\t\t\t\t<li class=\"elementor-icon-list-item\">\n\t\t\t\t\t\t\t\t\t\t\t<a href=\"https:\/\/www.facebook.com\/teddybaerkrankenhausgoettingen\/#\" target=\"_blank\">\n\n\t\t\t\t\t\t\t\t\t\t\t\t<span class=\"elementor-icon-list-icon\">\n\t\t\t\t\t\t\t<i aria-hidden=\"true\" class=\"fab fa-facebook-square\"><\/i>\t\t\t\t\t\t<\/span>\n\t\t\t\t\t\t\t\t\t\t<span class=\"elementor-icon-list-text\">teddybaerkrankenhausgoettingen<\/span>\n\t\t\t\t\t\t\t\t\t\t\t<\/a>\n\t\t\t\t\t\t\t\t\t<\/li>\n\t\t\t\t\t\t<\/ul>\n\t\t\t\t<\/div>\n\t\t\t\t<\/div>\n\t\t\t\t\t\t<\/div>\n\t\t\t\t\t<\/div>\n\t\t<\/div>\n\t\t\t\t<div class=\"elementor-column elementor-col-50 elementor-top-column elementor-element elementor-element-c3767f1\" data-id=\"c3767f1\" data-element_type=\"column\">\n\t\t\t<div class=\"elementor-column-wrap elementor-element-populated\">\n\t\t\t\t\t\t\t<div class=\"elementor-widget-wrap\">\n\t\t\t\t\t\t<div class=\"elementor-element elementor-element-57bc5ef elementor-widget elementor-widget-text-editor\" data-id=\"57bc5ef\" data-element_type=\"widget\" data-widget_type=\"text-editor.default\">\n\t\t\t\t<div class=\"elementor-widget-container\">\n\t\t\t\t\t\t\t\t<div class=\"elementor-text-editor elementor-clearfix\">\n\t\t\t\t<p>Fachschaft Medizin<br>Projekt Teddyb\u00e4rkrankenhaus&nbsp;<br>Go\u00dflerstra\u00dfe 16a&nbsp;<br>37073 G\u00f6ttingen<\/p>\t\t\t\t\t<\/div>\n\t\t\t\t\t\t<\/div>\n\t\t\t\t<\/div>\n\t\t\t\t\t\t<\/div>\n\t\t\t\t\t<\/div>\n\t\t<\/div>\n\t\t\t\t\t\t\t\t<\/div>\n\t\t\t\t\t<\/div>\n\t\t<\/section>\n\t\t\t\t\t\t<\/div>\n\t\t\t\t\t\t<\/div>\n\t\t\t\t\t<\/div>\n\t\t","protected":false},"excerpt":{"rendered":"<p>TBK Kongress 2024 Am Wochenende vom 08.-10.11.2024 waren 6 Orga-Mitglieder unseres Teddyb\u00e4rkrankenhauses auf dem diesj\u00e4hrigen TBK-Kongress in T\u00fcbingen. Nach einer langen Anreise hatten wir am Freitag Abend direkt Zeit in den ersten Austausch mit den anderen Teilnehmern der vielen Standorte zu kommen. Am Samstag Vormittag haben wir dann an Seminaren zu verschiedenen Schwerpunkten des TBKs [&hellip;]<\/p>\n","protected":false},"author":1,"featured_media":0,"parent":0,"menu_order":0,"comment_status":"closed","ping_status":"closed","template":"","meta":[],"_links":{"self":[{"href":"https:\/\/www.tbk-goettingen.de\/index.php\/wp-json\/wp\/v2\/pages\/2777"}],"collection":[{"href":"https:\/\/www.tbk-goettingen.de\/index.php\/wp-json\/wp\/v2\/pages"}],"about":[{"href":"https:\/\/www.tbk-goettingen.de\/index.php\/wp-json\/wp\/v2\/types\/page"}],"author":[{"embeddable":true,"href":"https:\/\/www.tbk-goettingen.de\/index.php\/wp-json\/wp\/v2\/users\/1"}],"replies":[{"embeddable":true,"href":"https:\/\/www.tbk-goettingen.de\/index.php\/wp-json\/wp\/v2\/comments?post=2777"}],"version-history":[{"count":23,"href":"https:\/\/www.tbk-goettingen.de\/index.php\/wp-json\/wp\/v2\/pages\/2777\/revisions"}],"predecessor-version":[{"id":2870,"href":"https:\/\/www.tbk-goettingen.de\/index.php\/wp-json\/wp\/v2\/pages\/2777\/revisions\/2870"}],"wp:attachment":[{"href":"https:\/\/www.tbk-goettingen.de\/index.php\/wp-json\/wp\/v2\/media?parent=2777"}],"curies":[{"name":"wp","href":"https:\/\/api.w.org\/{rel}","templated":true}]}}