{"id":733,"date":"2021-05-23T09:54:19","date_gmt":"2021-05-23T07:54:19","guid":{"rendered":"https:\/\/www.tbk-goettingen.de\/?page_id=733"},"modified":"2024-11-14T15:21:19","modified_gmt":"2024-11-14T14:21:19","slug":"virtuelles-wartezimmer","status":"publish","type":"page","link":"https:\/\/www.tbk-goettingen.de\/index.php\/virtuelles-wartezimmer\/","title":{"rendered":"Virtuelles Wartezimmer"},"content":{"rendered":"\t\t<div data-elementor-type=\"wp-page\" data-elementor-id=\"733\" class=\"elementor elementor-733\" data-elementor-settings=\"[]\">\n\t\t\t\t\t\t<div class=\"elementor-inner\">\n\t\t\t\t\t\t\t<div class=\"elementor-section-wrap\">\n\t\t\t\t\t\t\t<section class=\"elementor-section elementor-top-section elementor-element elementor-element-cf57773 elementor-section-full_width elementor-section-height-default elementor-section-height-default\" data-id=\"cf57773\" data-element_type=\"section\" data-settings=\"{&quot;background_background&quot;:&quot;classic&quot;}\">\n\t\t\t\t\t\t\t<div class=\"elementor-background-overlay\"><\/div>\n\t\t\t\t\t\t\t<div class=\"elementor-container elementor-column-gap-default\">\n\t\t\t\t\t\t\t<div class=\"elementor-row\">\n\t\t\t\t\t<div class=\"elementor-column elementor-col-100 elementor-top-column elementor-element elementor-element-5cebcef\" data-id=\"5cebcef\" data-element_type=\"column\">\n\t\t\t<div class=\"elementor-column-wrap elementor-element-populated\">\n\t\t\t\t\t\t\t<div class=\"elementor-widget-wrap\">\n\t\t\t\t\t\t<div class=\"elementor-element elementor-element-e0291df elementor-widget elementor-widget-spacer\" data-id=\"e0291df\" data-element_type=\"widget\" data-widget_type=\"spacer.default\">\n\t\t\t\t<div class=\"elementor-widget-container\">\n\t\t\t\t\t<div class=\"elementor-spacer\">\n\t\t\t<div class=\"elementor-spacer-inner\"><\/div>\n\t\t<\/div>\n\t\t\t\t<\/div>\n\t\t\t\t<\/div>\n\t\t\t\t\t\t<\/div>\n\t\t\t\t\t<\/div>\n\t\t<\/div>\n\t\t\t\t\t\t\t\t<\/div>\n\t\t\t\t\t<\/div>\n\t\t<\/section>\n\t\t\t\t<section class=\"elementor-section elementor-top-section elementor-element elementor-element-a277a66 elementor-section-boxed elementor-section-height-default elementor-section-height-default\" data-id=\"a277a66\" data-element_type=\"section\">\n\t\t\t\t\t\t<div class=\"elementor-container elementor-column-gap-default\">\n\t\t\t\t\t\t\t<div class=\"elementor-row\">\n\t\t\t\t\t<div class=\"elementor-column elementor-col-100 elementor-top-column elementor-element elementor-element-c2d6c51\" data-id=\"c2d6c51\" data-element_type=\"column\">\n\t\t\t<div class=\"elementor-column-wrap elementor-element-populated\">\n\t\t\t\t\t\t\t<div class=\"elementor-widget-wrap\">\n\t\t\t\t\t\t<section class=\"elementor-section elementor-inner-section elementor-element elementor-element-f9ff472 elementor-section-boxed elementor-section-height-default elementor-section-height-default\" data-id=\"f9ff472\" data-element_type=\"section\">\n\t\t\t\t\t\t<div class=\"elementor-container elementor-column-gap-default\">\n\t\t\t\t\t\t\t<div class=\"elementor-row\">\n\t\t\t\t\t<div class=\"elementor-column elementor-col-50 elementor-inner-column elementor-element elementor-element-be1b2b6\" data-id=\"be1b2b6\" data-element_type=\"column\">\n\t\t\t<div class=\"elementor-column-wrap elementor-element-populated\">\n\t\t\t\t\t\t\t<div class=\"elementor-widget-wrap\">\n\t\t\t\t\t\t<div class=\"elementor-element elementor-element-0aae50c elementor-widget elementor-widget-heading\" data-id=\"0aae50c\" data-element_type=\"widget\" data-widget_type=\"heading.default\">\n\t\t\t\t<div class=\"elementor-widget-container\">\n\t\t\t<h2 class=\"elementor-heading-title elementor-size-default\">Virtuelles Wartezimmer<\/h2>\t\t<\/div>\n\t\t\t\t<\/div>\n\t\t\t\t\t\t<\/div>\n\t\t\t\t\t<\/div>\n\t\t<\/div>\n\t\t\t\t<div class=\"elementor-column elementor-col-50 elementor-inner-column elementor-element elementor-element-95f0e02\" data-id=\"95f0e02\" data-element_type=\"column\">\n\t\t\t<div class=\"elementor-column-wrap elementor-element-populated\">\n\t\t\t\t\t\t\t<div class=\"elementor-widget-wrap\">\n\t\t\t\t\t\t<div class=\"elementor-element elementor-element-8472eb1 elementor-widget elementor-widget-text-editor\" data-id=\"8472eb1\" data-element_type=\"widget\" data-widget_type=\"text-editor.default\">\n\t\t\t\t<div class=\"elementor-widget-container\">\n\t\t\t\t\t\t\t\t<div class=\"elementor-text-editor elementor-clearfix\">\n\t\t\t\t<p>Wir k\u00f6nnen es kaum erwarten Dich wieder im Teddyb\u00e4rkrankenhaus in der Osthalle der UMG zu begr\u00fc\u00dfen. Um Dir die Wartezeit zu verk\u00fcrzen, haben wir hier Ausmalbilder und R\u00e4tsel f\u00fcr Dich zum Ausdrucken als PDF-Datei gestaltet. Viel Spa\u00df!<br><\/p>\t\t\t\t\t<\/div>\n\t\t\t\t\t\t<\/div>\n\t\t\t\t<\/div>\n\t\t\t\t\t\t<\/div>\n\t\t\t\t\t<\/div>\n\t\t<\/div>\n\t\t\t\t\t\t\t\t<\/div>\n\t\t\t\t\t<\/div>\n\t\t<\/section>\n\t\t\t\t<section class=\"elementor-section elementor-inner-section elementor-element elementor-element-c18fcec elementor-section-boxed elementor-section-height-default elementor-section-height-default\" data-id=\"c18fcec\" data-element_type=\"section\">\n\t\t\t\t\t\t<div class=\"elementor-container elementor-column-gap-default\">\n\t\t\t\t\t\t\t<div class=\"elementor-row\">\n\t\t\t\t\t<div class=\"elementor-column elementor-col-50 elementor-inner-column elementor-element elementor-element-d9cad57\" data-id=\"d9cad57\" data-element_type=\"column\">\n\t\t\t<div class=\"elementor-column-wrap elementor-element-populated\">\n\t\t\t\t\t\t\t<div class=\"elementor-widget-wrap\">\n\t\t\t\t\t\t<div class=\"elementor-element elementor-element-ea65f5f elementor-widget elementor-widget-image\" data-id=\"ea65f5f\" data-element_type=\"widget\" data-widget_type=\"image.default\">\n\t\t\t\t<div class=\"elementor-widget-container\">\n\t\t\t\t\t\t\t\t<div class=\"elementor-image\">\n\t\t\t\t\t\t\t\t\t\t\t\t\t<a href=\"https:\/\/www.tbk-goettingen.de\/wp-content\/uploads\/2021\/05\/ausmalbilder-tbk-goettingen.pdf\" target=\"_blank\">\n\t\t\t\t\t\t\t<img width=\"212\" height=\"300\" src=\"https:\/\/www.tbk-goettingen.de\/wp-content\/uploads\/2021\/05\/ausmalbilder-tbk-goettingen-vorschau-2-212x300.jpg\" class=\"elementor-animation-grow attachment-medium size-medium\" alt=\"\" loading=\"lazy\" srcset=\"https:\/\/www.tbk-goettingen.de\/wp-content\/uploads\/2021\/05\/ausmalbilder-tbk-goettingen-vorschau-2-212x300.jpg 212w, https:\/\/www.tbk-goettingen.de\/wp-content\/uploads\/2021\/05\/ausmalbilder-tbk-goettingen-vorschau-2-724x1024.jpg 724w, https:\/\/www.tbk-goettingen.de\/wp-content\/uploads\/2021\/05\/ausmalbilder-tbk-goettingen-vorschau-2-768x1086.jpg 768w, https:\/\/www.tbk-goettingen.de\/wp-content\/uploads\/2021\/05\/ausmalbilder-tbk-goettingen-vorschau-2.jpg 830w\" sizes=\"(max-width: 212px) 100vw, 212px\" \/>\t\t\t\t\t\t\t\t<\/a>\n\t\t\t\t\t\t\t\t\t\t\t\t\t\t<\/div>\n\t\t\t\t\t\t<\/div>\n\t\t\t\t<\/div>\n\t\t\t\t<div class=\"elementor-element elementor-element-21bab4a elementor-align-center elementor-widget elementor-widget-button\" data-id=\"21bab4a\" data-element_type=\"widget\" data-widget_type=\"button.default\">\n\t\t\t\t<div class=\"elementor-widget-container\">\n\t\t\t\t\t<div class=\"elementor-button-wrapper\">\n\t\t\t<a href=\"https:\/\/www.tbk-goettingen.de\/wp-content\/uploads\/2021\/05\/ausmalbilder-tbk-goettingen.pdf\" target=\"_blank\" class=\"elementor-button-link elementor-button elementor-size-md elementor-animation-grow\" role=\"button\">\n\t\t\t\t\t\t<span class=\"elementor-button-content-wrapper\">\n\t\t\t\t\t\t<span class=\"elementor-button-icon elementor-align-icon-right\">\n\t\t\t\t<i aria-hidden=\"true\" class=\"fas fa-file-download\"><\/i>\t\t\t<\/span>\n\t\t\t\t\t\t<span class=\"elementor-button-text\">Ausmalbilder<\/span>\n\t\t<\/span>\n\t\t\t\t\t<\/a>\n\t\t<\/div>\n\t\t\t\t<\/div>\n\t\t\t\t<\/div>\n\t\t\t\t\t\t<\/div>\n\t\t\t\t\t<\/div>\n\t\t<\/div>\n\t\t\t\t<div class=\"elementor-column elementor-col-50 elementor-inner-column elementor-element elementor-element-8521f01\" data-id=\"8521f01\" data-element_type=\"column\">\n\t\t\t<div class=\"elementor-column-wrap elementor-element-populated\">\n\t\t\t\t\t\t\t<div class=\"elementor-widget-wrap\">\n\t\t\t\t\t\t<div class=\"elementor-element elementor-element-773111a elementor-widget elementor-widget-image\" data-id=\"773111a\" data-element_type=\"widget\" data-widget_type=\"image.default\">\n\t\t\t\t<div class=\"elementor-widget-container\">\n\t\t\t\t\t\t\t\t<div class=\"elementor-image\">\n\t\t\t\t\t\t\t\t\t\t\t\t\t<a href=\"https:\/\/www.tbk-goettingen.de\/wp-content\/uploads\/2021\/05\/raetsel-tbk-goettingen.pdf\" target=\"_blank\">\n\t\t\t\t\t\t\t<img width=\"212\" height=\"300\" src=\"https:\/\/www.tbk-goettingen.de\/wp-content\/uploads\/2021\/05\/raetsel-tbk-goettingen-vorschau-212x300.jpg\" class=\"elementor-animation-grow attachment-medium size-medium\" alt=\"\" loading=\"lazy\" srcset=\"https:\/\/www.tbk-goettingen.de\/wp-content\/uploads\/2021\/05\/raetsel-tbk-goettingen-vorschau-212x300.jpg 212w, https:\/\/www.tbk-goettingen.de\/wp-content\/uploads\/2021\/05\/raetsel-tbk-goettingen-vorschau-724x1024.jpg 724w, https:\/\/www.tbk-goettingen.de\/wp-content\/uploads\/2021\/05\/raetsel-tbk-goettingen-vorschau-768x1086.jpg 768w, https:\/\/www.tbk-goettingen.de\/wp-content\/uploads\/2021\/05\/raetsel-tbk-goettingen-vorschau.jpg 845w\" sizes=\"(max-width: 212px) 100vw, 212px\" \/>\t\t\t\t\t\t\t\t<\/a>\n\t\t\t\t\t\t\t\t\t\t\t\t\t\t<\/div>\n\t\t\t\t\t\t<\/div>\n\t\t\t\t<\/div>\n\t\t\t\t<div class=\"elementor-element elementor-element-02c649b elementor-align-center elementor-widget elementor-widget-button\" data-id=\"02c649b\" data-element_type=\"widget\" data-widget_type=\"button.default\">\n\t\t\t\t<div class=\"elementor-widget-container\">\n\t\t\t\t\t<div class=\"elementor-button-wrapper\">\n\t\t\t<a href=\"https:\/\/www.tbk-goettingen.de\/wp-content\/uploads\/2021\/05\/raetsel-tbk-goettingen.pdf\" target=\"_blank\" class=\"elementor-button-link elementor-button elementor-size-md elementor-animation-grow\" role=\"button\">\n\t\t\t\t\t\t<span class=\"elementor-button-content-wrapper\">\n\t\t\t\t\t\t<span class=\"elementor-button-icon elementor-align-icon-right\">\n\t\t\t\t<i aria-hidden=\"true\" class=\"fas fa-file-download\"><\/i>\t\t\t<\/span>\n\t\t\t\t\t\t<span class=\"elementor-button-text\">R\u00e4tsel<\/span>\n\t\t<\/span>\n\t\t\t\t\t<\/a>\n\t\t<\/div>\n\t\t\t\t<\/div>\n\t\t\t\t<\/div>\n\t\t\t\t\t\t<\/div>\n\t\t\t\t\t<\/div>\n\t\t<\/div>\n\t\t\t\t\t\t\t\t<\/div>\n\t\t\t\t\t<\/div>\n\t\t<\/section>\n\t\t\t\t\t\t<\/div>\n\t\t\t\t\t<\/div>\n\t\t<\/div>\n\t\t\t\t\t\t\t\t<\/div>\n\t\t\t\t\t<\/div>\n\t\t<\/section>\n\t\t\t\t<section class=\"elementor-section elementor-top-section elementor-element elementor-element-1cf7710 elementor-section-boxed elementor-section-height-default elementor-section-height-default\" data-id=\"1cf7710\" data-element_type=\"section\">\n\t\t\t\t\t\t<div class=\"elementor-container elementor-column-gap-default\">\n\t\t\t\t\t\t\t<div class=\"elementor-row\">\n\t\t\t\t\t<div class=\"elementor-column elementor-col-100 elementor-top-column elementor-element elementor-element-f8e5181\" data-id=\"f8e5181\" data-element_type=\"column\">\n\t\t\t<div class=\"elementor-column-wrap elementor-element-populated\">\n\t\t\t\t\t\t\t<div class=\"elementor-widget-wrap\">\n\t\t\t\t\t\t<div class=\"elementor-element elementor-element-096ee92 elementor-widget elementor-widget-image\" data-id=\"096ee92\" data-element_type=\"widget\" data-widget_type=\"image.default\">\n\t\t\t\t<div class=\"elementor-widget-container\">\n\t\t\t\t\t\t\t\t<div class=\"elementor-image\">\n\t\t\t\t\t\t\t\t\t\t\t\t<img width=\"1024\" height=\"683\" src=\"https:\/\/www.tbk-goettingen.de\/wp-content\/uploads\/2021\/05\/ausmalbilder-tbk-goettingen-koloriert-1024x683.jpg\" class=\"attachment-large size-large\" alt=\"\" loading=\"lazy\" srcset=\"https:\/\/www.tbk-goettingen.de\/wp-content\/uploads\/2021\/05\/ausmalbilder-tbk-goettingen-koloriert-1024x683.jpg 1024w, https:\/\/www.tbk-goettingen.de\/wp-content\/uploads\/2021\/05\/ausmalbilder-tbk-goettingen-koloriert-300x200.jpg 300w, https:\/\/www.tbk-goettingen.de\/wp-content\/uploads\/2021\/05\/ausmalbilder-tbk-goettingen-koloriert-768x512.jpg 768w, https:\/\/www.tbk-goettingen.de\/wp-content\/uploads\/2021\/05\/ausmalbilder-tbk-goettingen-koloriert-1536x1024.jpg 1536w, https:\/\/www.tbk-goettingen.de\/wp-content\/uploads\/2021\/05\/ausmalbilder-tbk-goettingen-koloriert.jpg 1908w\" sizes=\"(max-width: 1024px) 100vw, 1024px\" \/>\t\t\t\t\t\t\t\t\t\t\t\t\t\t<\/div>\n\t\t\t\t\t\t<\/div>\n\t\t\t\t<\/div>\n\t\t\t\t\t\t<\/div>\n\t\t\t\t\t<\/div>\n\t\t<\/div>\n\t\t\t\t\t\t\t\t<\/div>\n\t\t\t\t\t<\/div>\n\t\t<\/section>\n\t\t\t\t<section class=\"elementor-section elementor-top-section elementor-element elementor-element-2cb0a124 elementor-section-boxed elementor-section-height-default elementor-section-height-default\" data-id=\"2cb0a124\" data-element_type=\"section\" data-settings=\"{&quot;background_background&quot;:&quot;classic&quot;}\">\n\t\t\t\t\t\t<div class=\"elementor-container elementor-column-gap-extended\">\n\t\t\t\t\t\t\t<div class=\"elementor-row\">\n\t\t\t\t\t<div class=\"elementor-column elementor-col-50 elementor-top-column elementor-element elementor-element-aeba013\" data-id=\"aeba013\" data-element_type=\"column\">\n\t\t\t<div class=\"elementor-column-wrap elementor-element-populated\">\n\t\t\t\t\t\t\t<div class=\"elementor-widget-wrap\">\n\t\t\t\t\t\t<div class=\"elementor-element elementor-element-7abe08b4 elementor-align-left elementor-icon-list--layout-traditional elementor-list-item-link-full_width elementor-widget elementor-widget-icon-list\" data-id=\"7abe08b4\" data-element_type=\"widget\" data-widget_type=\"icon-list.default\">\n\t\t\t\t<div class=\"elementor-widget-container\">\n\t\t\t\t\t<ul class=\"elementor-icon-list-items\">\n\t\t\t\t\t\t\t<li class=\"elementor-icon-list-item\">\n\t\t\t\t\t\t\t\t\t\t\t<a href=\"mailto:info@tbk-goettingen.de\">\n\n\t\t\t\t\t\t\t\t\t\t\t\t<span class=\"elementor-icon-list-icon\">\n\t\t\t\t\t\t\t<i aria-hidden=\"true\" class=\"far fa-envelope\"><\/i>\t\t\t\t\t\t<\/span>\n\t\t\t\t\t\t\t\t\t\t<span class=\"elementor-icon-list-text\">info@tbk-goettingen.de<\/span>\n\t\t\t\t\t\t\t\t\t\t\t<\/a>\n\t\t\t\t\t\t\t\t\t<\/li>\n\t\t\t\t\t\t\t\t<li class=\"elementor-icon-list-item\">\n\t\t\t\t\t\t\t\t\t\t\t<a href=\"https:\/\/instagram.com\/tbk_goettingen\" target=\"_blank\">\n\n\t\t\t\t\t\t\t\t\t\t\t\t<span class=\"elementor-icon-list-icon\">\n\t\t\t\t\t\t\t<i aria-hidden=\"true\" class=\"fab fa-instagram\"><\/i>\t\t\t\t\t\t<\/span>\n\t\t\t\t\t\t\t\t\t\t<span class=\"elementor-icon-list-text\">tbk_goettingen<\/span>\n\t\t\t\t\t\t\t\t\t\t\t<\/a>\n\t\t\t\t\t\t\t\t\t<\/li>\n\t\t\t\t\t\t\t\t<li class=\"elementor-icon-list-item\">\n\t\t\t\t\t\t\t\t\t\t\t<a href=\"https:\/\/www.facebook.com\/teddybaerkrankenhausgoettingen\/#\" target=\"_blank\">\n\n\t\t\t\t\t\t\t\t\t\t\t\t<span class=\"elementor-icon-list-icon\">\n\t\t\t\t\t\t\t<i aria-hidden=\"true\" class=\"fab fa-facebook-square\"><\/i>\t\t\t\t\t\t<\/span>\n\t\t\t\t\t\t\t\t\t\t<span class=\"elementor-icon-list-text\">teddybaerkrankenhausgoettingen<\/span>\n\t\t\t\t\t\t\t\t\t\t\t<\/a>\n\t\t\t\t\t\t\t\t\t<\/li>\n\t\t\t\t\t\t<\/ul>\n\t\t\t\t<\/div>\n\t\t\t\t<\/div>\n\t\t\t\t\t\t<\/div>\n\t\t\t\t\t<\/div>\n\t\t<\/div>\n\t\t\t\t<div class=\"elementor-column elementor-col-50 elementor-top-column elementor-element elementor-element-57ef070\" data-id=\"57ef070\" data-element_type=\"column\">\n\t\t\t<div class=\"elementor-column-wrap elementor-element-populated\">\n\t\t\t\t\t\t\t<div class=\"elementor-widget-wrap\">\n\t\t\t\t\t\t<div class=\"elementor-element elementor-element-28d91b36 elementor-widget elementor-widget-text-editor\" data-id=\"28d91b36\" data-element_type=\"widget\" data-widget_type=\"text-editor.default\">\n\t\t\t\t<div class=\"elementor-widget-container\">\n\t\t\t\t\t\t\t\t<div class=\"elementor-text-editor elementor-clearfix\">\n\t\t\t\t<p>Fachschaft Medizin<br>Projekt Teddyb\u00e4rkrankenhaus&nbsp;<br>Go\u00dflerstra\u00dfe 16a&nbsp;<br>37073 G\u00f6ttingen<\/p>\t\t\t\t\t<\/div>\n\t\t\t\t\t\t<\/div>\n\t\t\t\t<\/div>\n\t\t\t\t\t\t<\/div>\n\t\t\t\t\t<\/div>\n\t\t<\/div>\n\t\t\t\t\t\t\t\t<\/div>\n\t\t\t\t\t<\/div>\n\t\t<\/section>\n\t\t\t\t\t\t<\/div>\n\t\t\t\t\t\t<\/div>\n\t\t\t\t\t<\/div>\n\t\t","protected":false},"excerpt":{"rendered":"<p>Virtuelles Wartezimmer Wir k\u00f6nnen es kaum erwarten Dich wieder im Teddyb\u00e4rkrankenhaus in der Osthalle der UMG zu begr\u00fc\u00dfen. Um Dir die Wartezeit zu verk\u00fcrzen, haben wir hier Ausmalbilder und R\u00e4tsel f\u00fcr Dich zum Ausdrucken als PDF-Datei gestaltet. Viel Spa\u00df! Ausmalbilder R\u00e4tsel info@tbk-goettingen.de tbk_goettingen teddybaerkrankenhausgoettingen Fachschaft MedizinProjekt Teddyb\u00e4rkrankenhaus&nbsp;Go\u00dflerstra\u00dfe 16a&nbsp;37073 G\u00f6ttingen<\/p>\n","protected":false},"author":1,"featured_media":0,"parent":0,"menu_order":0,"comment_status":"closed","ping_status":"closed","template":"","meta":[],"_links":{"self":[{"href":"https:\/\/www.tbk-goettingen.de\/index.php\/wp-json\/wp\/v2\/pages\/733"}],"collection":[{"href":"https:\/\/www.tbk-goettingen.de\/index.php\/wp-json\/wp\/v2\/pages"}],"about":[{"href":"https:\/\/www.tbk-goettingen.de\/index.php\/wp-json\/wp\/v2\/types\/page"}],"author":[{"embeddable":true,"href":"https:\/\/www.tbk-goettingen.de\/index.php\/wp-json\/wp\/v2\/users\/1"}],"replies":[{"embeddable":true,"href":"https:\/\/www.tbk-goettingen.de\/index.php\/wp-json\/wp\/v2\/comments?post=733"}],"version-history":[{"count":64,"href":"https:\/\/www.tbk-goettingen.de\/index.php\/wp-json\/wp\/v2\/pages\/733\/revisions"}],"predecessor-version":[{"id":2773,"href":"https:\/\/www.tbk-goettingen.de\/index.php\/wp-json\/wp\/v2\/pages\/733\/revisions\/2773"}],"wp:attachment":[{"href":"https:\/\/www.tbk-goettingen.de\/index.php\/wp-json\/wp\/v2\/media?parent=733"}],"curies":[{"name":"wp","href":"https:\/\/api.w.org\/{rel}","templated":true}]}}